{"id":8341,"date":"2024-10-23T17:37:50","date_gmt":"2024-10-23T17:37:50","guid":{"rendered":"https:\/\/maxcampbox.com\/?post_type=product&#038;p=8341"},"modified":"2025-10-22T10:17:26","modified_gmt":"2025-10-22T10:17:26","slug":"rideaux-isolant-occultant-ford-transit-custom-i-l1-2012-2023","status":"publish","type":"product","link":"https:\/\/maxcampbox.com\/it\/produit\/rideaux-isolant-occultant-ford-transit-custom-i-l1-2012-2023\/","title":{"rendered":"Rideaux Isolant\/Occultant Ford Transit Custom I L1 2012-2023"},"content":{"rendered":"[vc_row type=&#8221;in_container&#8221; full_screen_row_position=&#8221;middle&#8221; column_margin=&#8221;default&#8221; column_direction=&#8221;default&#8221; column_direction_tablet=&#8221;default&#8221; column_direction_phone=&#8221;default&#8221; scene_position=&#8221;center&#8221; text_color=&#8221;dark&#8221; text_align=&#8221;left&#8221; row_border_radius=&#8221;none&#8221; row_border_radius_applies=&#8221;bg&#8221; overlay_strength=&#8221;0.3&#8243; gradient_direction=&#8221;left_to_right&#8221; shape_divider_position=&#8221;bottom&#8221; bg_image_animation=&#8221;none&#8221;][vc_column column_padding=&#8221;no-extra-padding&#8221; column_padding_tablet=&#8221;inherit&#8221; column_padding_phone=&#8221;inherit&#8221; column_padding_position=&#8221;all&#8221; column_element_spacing=&#8221;default&#8221; background_color_opacity=&#8221;1&#8243; background_hover_color_opacity=&#8221;1&#8243; column_shadow=&#8221;none&#8221; column_border_radius=&#8221;none&#8221; column_link_target=&#8221;_self&#8221; gradient_direction=&#8221;left_to_right&#8221; overlay_strength=&#8221;0.3&#8243; width=&#8221;1\/1&#8243; tablet_width_inherit=&#8221;default&#8221; tablet_text_alignment=&#8221;default&#8221; phone_text_alignment=&#8221;default&#8221; bg_image_animation=&#8221;none&#8221; border_type=&#8221;simple&#8221; column_border_width=&#8221;none&#8221; column_border_style=&#8221;solid&#8221;][vc_column_text]<strong>Pourquoi Opter pour la Fabrication de Rideaux Isolants ?<\/strong><\/p>\n<p>Trouver le volet isotherme ou le rideau int\u00e9rieur parfaitement adapt\u00e9 \u00e0 son mod\u00e8le de v\u00e9hicule peut parfois s\u2019av\u00e9rer \u00eatre un d\u00e9fi. Lorsque vous cherchez \u00e0 acqu\u00e9rir une protection isolante, vous \u00eates souvent confront\u00e9 \u00e0 la n\u00e9cessit\u00e9 de v\u00e9rifier la compatibilit\u00e9 avec le mod\u00e8le sp\u00e9cifique de votre v\u00e9hicule de loisir, que ce soit un camping-car, un fourgon am\u00e9nag\u00e9 ou un van.<\/p>\n<p>C\u2019est l\u00e0 que la fabrication artisanale de vos propres rideaux isolants entre en jeu. En confectionnant des rideaux sur-mesure, vous avez l\u2019assurance d\u2019une parfaite compatibilit\u00e9 avec votre v\u00e9hicule. Cette approche personnalis\u00e9e vous permet de r\u00e9pondre pr\u00e9cis\u00e9ment aux dimensions et aux sp\u00e9cificit\u00e9s de votre espace, garantissant ainsi une isolation optimale et une meilleure gestion de la lumi\u00e8re \u00e0 l\u2019int\u00e9rieur de votre v\u00e9hicule.<\/p>\n<h3><\/h3>\n<h3>Ford Transit Custom I L1 2012-2023 Isolants Thermiques Occultants, 9 couches fabriqu\u00e9es avec des mat\u00e9riaux de haute qualit\u00e9.<\/h3>\n<p>&nbsp;<\/p>\n<ul>\n<li><strong>Kit cabine<\/strong>\u00a0(pare-brise avant, c\u00f4t\u00e9 conducteur et c\u00f4t\u00e9 passager).<\/li>\n<li><strong>Kit complet<\/strong>\u00a0(pare-brise avant, c\u00f4t\u00e9 conducteur et c\u00f4t\u00e9 passager, 2 c\u00f4t\u00e9s de la rang\u00e9e du milieu, 2 c\u00f4t\u00e9s de la derni\u00e8re rang\u00e9e de si\u00e8ges et hayon ou double porte arri\u00e8re selon le mod\u00e8le).<\/li>\n<\/ul>\n<h4>Description :<\/h4>\n<ul>\n<li>Ventouses avec \u00e9crou de grande taille \u00d850 avec languette pour un retrait facile.<\/li>\n<li>Couleur de la garniture selon s\u00e9lection.<\/li>\n<li>\u0152illets en laiton nickel\u00e9, diam\u00e8tre int\u00e9rieur \u00d8 6mm.<\/li>\n<li>Housse zipp\u00e9e pour ranger les isolants.<\/li>\n<\/ul>\n<p>Ce mod\u00e8le de ventouse avec \u00e9crou pour les isolants thermiques du Renault Kangoo II 2007-2020 vous permet de retirer les stores sans avoir \u00e0 enlever les ventouses. Ce syst\u00e8me est tr\u00e8s pratique lors des d\u00e9placements, car lorsque nous souhaitons placer les stores, ils ont d\u00e9j\u00e0 leur position appropri\u00e9e. (Il est conseill\u00e9 de les retirer lorsqu\u2019ils ne seront pas utilis\u00e9s pendant un certain temps afin de ne pas les exposer en permanence au soleil et ainsi prolonger leur dur\u00e9e de vie).<\/p>\n<p>Les isolants thermiques\u00a0 avec ventouses sont id\u00e9aux pour les temp\u00e9ratures extr\u00eames, r\u00e9duisant la temp\u00e9rature \u00e0 l\u2019int\u00e9rieur du v\u00e9hicule en cas de chaleur et isolant l\u2019int\u00e9rieur du v\u00e9hicule en cas de froid. En plus d\u2019isoler contre le froid et la chaleur, nos isolants thermiques obscurcissent parfaitement l\u2019habitacle, prolongeant les heures de repos.<\/p>\n<p>La languette qui int\u00e8gre la ventouse pour un retrait facile emp\u00eache d\u2019endommager les vitres teint\u00e9es.<\/p>\n<p>Nos isolants thermiques sont d\u00e9coup\u00e9s par commande num\u00e9rique. Nous garantissons que toutes les pi\u00e8ces du m\u00eame mod\u00e8le sont identiques, assurant la g\u00e9om\u00e9trie des fen\u00eatres pour un ajustement optimal et sur mesure. Nos isolants thermiques sont finis avec une garniture 100% polypropyl\u00e8ne en deux nuances de gris ou noir, selon le mod\u00e8le choisi.<\/p>\n<h4>Composition des isolants :<\/h4>\n<ol>\n<li>Couche ext\u00e9rieure \u2013 Aluminium 90 microns, anti-ultraviolets et r\u00e9sistant aux rayures.<\/li>\n<li>Couche int\u00e9rieure \u2013 Poly\u00e9thyl\u00e8ne expans\u00e9 2mm.<\/li>\n<li>Couche int\u00e9rieure \u2013 Film aluminium 38 microns, pour l\u2019isolation.<\/li>\n<li>Couche int\u00e9rieure \u2013 Poly\u00e9thyl\u00e8ne expans\u00e9 2mm.<\/li>\n<li>Couche int\u00e9rieure \u2013 Film aluminium 38 microns.<\/li>\n<li>Couche int\u00e9rieure \u2013 Poly\u00e9thyl\u00e8ne expans\u00e9 2mm.<\/li>\n<li>Couche int\u00e9rieure \u2013 Film aluminium 38 microns.<\/li>\n<li>Couche int\u00e9rieure \u2013 Ouate anti-allergique 75 gr\/m pour l\u2019isolation.<\/li>\n<li>Couche int\u00e9rieure \u2013 Polyester 190 grs couleur grise.<\/li>\n<\/ol>\n<p>D\u00e9lais de Fabrication 1 &#8211; 3 semaines[\/vc_column_text][\/vc_column][\/vc_row]\n","protected":false},"excerpt":{"rendered":"<ul>\n<li>Ventouses \u00e0 haute aspiration \u00d850mm. Avec \u00e9crou et languette pour un retrait facile.<\/li>\n<li>Bordure en 100% coton<\/li>\n<li>\u0152illets en laiton nickel\u00e9, diam\u00e8tre int\u00e9rieur \u00d86mm.<\/li>\n<li>Housse en polypropyl\u00e8ne 80 microns avec fermeture \u00e9clair pour ranger les isolants.<\/li>\n<li>D\u00e9lais de Fabrication 1 &#8211; 3 semaines<\/li>\n<\/ul>\n","protected":false},"featured_media":8346,"comment_status":"open","ping_status":"closed","template":"","meta":{"_monsterinsights_skip_tracking":false,"_monsterinsights_sitenote_active":false,"_monsterinsights_sitenote_note":"","_monsterinsights_sitenote_category":0},"product_brand":[],"product_cat":[231],"product_tag":[],"class_list":{"0":"post-8341","1":"product","2":"type-product","3":"status-publish","4":"has-post-thumbnail","6":"product_cat-ford-transit-custom-i-l1-2012-2023","7":"product_shipping_class-rideaux-isolants-occultants","9":"first","10":"instock","11":"taxable","12":"shipping-taxable","13":"purchasable","14":"product-type-variable","15":"has-default-attributes"},"yoast_head":"<!-- This site is optimized with the Yoast SEO plugin v27.3 - https:\/\/yoast.com\/product\/yoast-seo-wordpress\/ -->\n<title>Rideaux Isolant\/Occultant Ford Transit Custom I L1 2012-2023 - maxcampbox<\/title>\n<meta name=\"robots\" content=\"index, follow, max-snippet:-1, max-image-preview:large, max-video-preview:-1\" \/>\n<link rel=\"canonical\" href=\"https:\/\/maxcampbox.com\/it\/produit\/rideaux-isolant-occultant-ford-transit-custom-i-l1-2012-2023\/\" \/>\n<meta property=\"og:locale\" content=\"it_IT\" \/>\n<meta property=\"og:type\" content=\"article\" \/>\n<meta property=\"og:title\" content=\"Rideaux Isolant\/Occultant Ford Transit Custom I L1 2012-2023 - maxcampbox\" \/>\n<meta property=\"og:description\" content=\"Ventouses \u00e0 haute aspiration \u00d850mm. Avec \u00e9crou et languette pour un retrait facile.  Bordure en 100% coton  \u0152illets en laiton nickel\u00e9, diam\u00e8tre int\u00e9rieur \u00d86mm.  Housse en polypropyl\u00e8ne 80 microns avec fermeture \u00e9clair pour ranger les isolants.  D\u00e9lais de Fabrication 1 - 3 semaines\" \/>\n<meta property=\"og:url\" content=\"https:\/\/maxcampbox.com\/it\/produit\/rideaux-isolant-occultant-ford-transit-custom-i-l1-2012-2023\/\" \/>\n<meta property=\"og:site_name\" content=\"maxcampbox\" \/>\n<meta property=\"article:modified_time\" content=\"2025-10-22T10:17:26+00:00\" \/>\n<meta property=\"og:image\" content=\"http:\/\/maxcampbox.com\/wp-content\/uploads\/2024\/10\/Ford-Transit-Custom-I-L1-2012-2023-rideau-occultant-isolant-thermique.png\" \/>\n\t<meta property=\"og:image:width\" content=\"1080\" \/>\n\t<meta property=\"og:image:height\" content=\"1080\" \/>\n\t<meta property=\"og:image:type\" content=\"image\/png\" \/>\n<meta name=\"twitter:card\" content=\"summary_large_image\" \/>\n<meta name=\"twitter:label1\" content=\"Tempo di lettura stimato\" \/>\n\t<meta name=\"twitter:data1\" content=\"3 minuti\" \/>\n<script type=\"application\/ld+json\" class=\"yoast-schema-graph\">{\"@context\":\"https:\\\/\\\/schema.org\",\"@graph\":[{\"@type\":\"WebPage\",\"@id\":\"https:\\\/\\\/maxcampbox.com\\\/it\\\/produit\\\/rideaux-isolant-occultant-ford-transit-custom-i-l1-2012-2023\\\/\",\"url\":\"https:\\\/\\\/maxcampbox.com\\\/it\\\/produit\\\/rideaux-isolant-occultant-ford-transit-custom-i-l1-2012-2023\\\/\",\"name\":\"Rideaux Isolant\\\/Occultant Ford Transit Custom I L1 2012-2023 - maxcampbox\",\"isPartOf\":{\"@id\":\"https:\\\/\\\/maxcampbox.com\\\/it\\\/#website\"},\"primaryImageOfPage\":{\"@id\":\"https:\\\/\\\/maxcampbox.com\\\/it\\\/produit\\\/rideaux-isolant-occultant-ford-transit-custom-i-l1-2012-2023\\\/#primaryimage\"},\"image\":{\"@id\":\"https:\\\/\\\/maxcampbox.com\\\/it\\\/produit\\\/rideaux-isolant-occultant-ford-transit-custom-i-l1-2012-2023\\\/#primaryimage\"},\"thumbnailUrl\":\"https:\\\/\\\/maxcampbox.com\\\/wp-content\\\/uploads\\\/2024\\\/10\\\/Ford-Transit-Custom-I-L1-2012-2023-rideau-occultant-isolant-thermique.png\",\"datePublished\":\"2024-10-23T17:37:50+00:00\",\"dateModified\":\"2025-10-22T10:17:26+00:00\",\"breadcrumb\":{\"@id\":\"https:\\\/\\\/maxcampbox.com\\\/it\\\/produit\\\/rideaux-isolant-occultant-ford-transit-custom-i-l1-2012-2023\\\/#breadcrumb\"},\"inLanguage\":\"it-IT\",\"potentialAction\":[{\"@type\":\"ReadAction\",\"target\":[\"https:\\\/\\\/maxcampbox.com\\\/it\\\/produit\\\/rideaux-isolant-occultant-ford-transit-custom-i-l1-2012-2023\\\/\"]}]},{\"@type\":\"ImageObject\",\"inLanguage\":\"it-IT\",\"@id\":\"https:\\\/\\\/maxcampbox.com\\\/it\\\/produit\\\/rideaux-isolant-occultant-ford-transit-custom-i-l1-2012-2023\\\/#primaryimage\",\"url\":\"https:\\\/\\\/maxcampbox.com\\\/wp-content\\\/uploads\\\/2024\\\/10\\\/Ford-Transit-Custom-I-L1-2012-2023-rideau-occultant-isolant-thermique.png\",\"contentUrl\":\"https:\\\/\\\/maxcampbox.com\\\/wp-content\\\/uploads\\\/2024\\\/10\\\/Ford-Transit-Custom-I-L1-2012-2023-rideau-occultant-isolant-thermique.png\",\"width\":1080,\"height\":1080},{\"@type\":\"BreadcrumbList\",\"@id\":\"https:\\\/\\\/maxcampbox.com\\\/it\\\/produit\\\/rideaux-isolant-occultant-ford-transit-custom-i-l1-2012-2023\\\/#breadcrumb\",\"itemListElement\":[{\"@type\":\"ListItem\",\"position\":1,\"name\":\"Accueil\",\"item\":\"https:\\\/\\\/maxcampbox.com\\\/it\\\/\"},{\"@type\":\"ListItem\",\"position\":2,\"name\":\"Negozio\",\"item\":\"https:\\\/\\\/maxcampbox.com\\\/it\\\/negozio\\\/\"},{\"@type\":\"ListItem\",\"position\":3,\"name\":\"Rideaux Isolant\\\/Occultant Ford Transit Custom I L1 2012-2023\"}]},{\"@type\":\"WebSite\",\"@id\":\"https:\\\/\\\/maxcampbox.com\\\/it\\\/#website\",\"url\":\"https:\\\/\\\/maxcampbox.com\\\/it\\\/\",\"name\":\"maxcampbox\",\"description\":\"Camping Box pour vans am\u00e9nag\u00e9s\",\"potentialAction\":[{\"@type\":\"SearchAction\",\"target\":{\"@type\":\"EntryPoint\",\"urlTemplate\":\"https:\\\/\\\/maxcampbox.com\\\/it\\\/?s={search_term_string}\"},\"query-input\":{\"@type\":\"PropertyValueSpecification\",\"valueRequired\":true,\"valueName\":\"search_term_string\"}}],\"inLanguage\":\"it-IT\"}]}<\/script>\n<!-- \/ Yoast SEO plugin. -->","yoast_head_json":{"title":"Rideaux Isolant\/Occultant Ford Transit Custom I L1 2012-2023 - maxcampbox","robots":{"index":"index","follow":"follow","max-snippet":"max-snippet:-1","max-image-preview":"max-image-preview:large","max-video-preview":"max-video-preview:-1"},"canonical":"https:\/\/maxcampbox.com\/it\/produit\/rideaux-isolant-occultant-ford-transit-custom-i-l1-2012-2023\/","og_locale":"it_IT","og_type":"article","og_title":"Rideaux Isolant\/Occultant Ford Transit Custom I L1 2012-2023 - maxcampbox","og_description":"Ventouses \u00e0 haute aspiration \u00d850mm. Avec \u00e9crou et languette pour un retrait facile.  Bordure en 100% coton  \u0152illets en laiton nickel\u00e9, diam\u00e8tre int\u00e9rieur \u00d86mm.  Housse en polypropyl\u00e8ne 80 microns avec fermeture \u00e9clair pour ranger les isolants.  D\u00e9lais de Fabrication 1 - 3 semaines","og_url":"https:\/\/maxcampbox.com\/it\/produit\/rideaux-isolant-occultant-ford-transit-custom-i-l1-2012-2023\/","og_site_name":"maxcampbox","article_modified_time":"2025-10-22T10:17:26+00:00","og_image":[{"width":1080,"height":1080,"url":"http:\/\/maxcampbox.com\/wp-content\/uploads\/2024\/10\/Ford-Transit-Custom-I-L1-2012-2023-rideau-occultant-isolant-thermique.png","type":"image\/png"}],"twitter_card":"summary_large_image","twitter_misc":{"Tempo di lettura stimato":"3 minuti"},"schema":{"@context":"https:\/\/schema.org","@graph":[{"@type":"WebPage","@id":"https:\/\/maxcampbox.com\/it\/produit\/rideaux-isolant-occultant-ford-transit-custom-i-l1-2012-2023\/","url":"https:\/\/maxcampbox.com\/it\/produit\/rideaux-isolant-occultant-ford-transit-custom-i-l1-2012-2023\/","name":"Rideaux Isolant\/Occultant Ford Transit Custom I L1 2012-2023 - maxcampbox","isPartOf":{"@id":"https:\/\/maxcampbox.com\/it\/#website"},"primaryImageOfPage":{"@id":"https:\/\/maxcampbox.com\/it\/produit\/rideaux-isolant-occultant-ford-transit-custom-i-l1-2012-2023\/#primaryimage"},"image":{"@id":"https:\/\/maxcampbox.com\/it\/produit\/rideaux-isolant-occultant-ford-transit-custom-i-l1-2012-2023\/#primaryimage"},"thumbnailUrl":"https:\/\/maxcampbox.com\/wp-content\/uploads\/2024\/10\/Ford-Transit-Custom-I-L1-2012-2023-rideau-occultant-isolant-thermique.png","datePublished":"2024-10-23T17:37:50+00:00","dateModified":"2025-10-22T10:17:26+00:00","breadcrumb":{"@id":"https:\/\/maxcampbox.com\/it\/produit\/rideaux-isolant-occultant-ford-transit-custom-i-l1-2012-2023\/#breadcrumb"},"inLanguage":"it-IT","potentialAction":[{"@type":"ReadAction","target":["https:\/\/maxcampbox.com\/it\/produit\/rideaux-isolant-occultant-ford-transit-custom-i-l1-2012-2023\/"]}]},{"@type":"ImageObject","inLanguage":"it-IT","@id":"https:\/\/maxcampbox.com\/it\/produit\/rideaux-isolant-occultant-ford-transit-custom-i-l1-2012-2023\/#primaryimage","url":"https:\/\/maxcampbox.com\/wp-content\/uploads\/2024\/10\/Ford-Transit-Custom-I-L1-2012-2023-rideau-occultant-isolant-thermique.png","contentUrl":"https:\/\/maxcampbox.com\/wp-content\/uploads\/2024\/10\/Ford-Transit-Custom-I-L1-2012-2023-rideau-occultant-isolant-thermique.png","width":1080,"height":1080},{"@type":"BreadcrumbList","@id":"https:\/\/maxcampbox.com\/it\/produit\/rideaux-isolant-occultant-ford-transit-custom-i-l1-2012-2023\/#breadcrumb","itemListElement":[{"@type":"ListItem","position":1,"name":"Accueil","item":"https:\/\/maxcampbox.com\/it\/"},{"@type":"ListItem","position":2,"name":"Negozio","item":"https:\/\/maxcampbox.com\/it\/negozio\/"},{"@type":"ListItem","position":3,"name":"Rideaux Isolant\/Occultant Ford Transit Custom I L1 2012-2023"}]},{"@type":"WebSite","@id":"https:\/\/maxcampbox.com\/it\/#website","url":"https:\/\/maxcampbox.com\/it\/","name":"maxcampbox","description":"Camping Box pour vans am\u00e9nag\u00e9s","potentialAction":[{"@type":"SearchAction","target":{"@type":"EntryPoint","urlTemplate":"https:\/\/maxcampbox.com\/it\/?s={search_term_string}"},"query-input":{"@type":"PropertyValueSpecification","valueRequired":true,"valueName":"search_term_string"}}],"inLanguage":"it-IT"}]}},"_links":{"self":[{"href":"https:\/\/maxcampbox.com\/it\/wp-json\/wp\/v2\/product\/8341","targetHints":{"allow":["GET"]}}],"collection":[{"href":"https:\/\/maxcampbox.com\/it\/wp-json\/wp\/v2\/product"}],"about":[{"href":"https:\/\/maxcampbox.com\/it\/wp-json\/wp\/v2\/types\/product"}],"replies":[{"embeddable":true,"href":"https:\/\/maxcampbox.com\/it\/wp-json\/wp\/v2\/comments?post=8341"}],"wp:featuredmedia":[{"embeddable":true,"href":"https:\/\/maxcampbox.com\/it\/wp-json\/wp\/v2\/media\/8346"}],"wp:attachment":[{"href":"https:\/\/maxcampbox.com\/it\/wp-json\/wp\/v2\/media?parent=8341"}],"wp:term":[{"taxonomy":"product_brand","embeddable":true,"href":"https:\/\/maxcampbox.com\/it\/wp-json\/wp\/v2\/product_brand?post=8341"},{"taxonomy":"product_cat","embeddable":true,"href":"https:\/\/maxcampbox.com\/it\/wp-json\/wp\/v2\/product_cat?post=8341"},{"taxonomy":"product_tag","embeddable":true,"href":"https:\/\/maxcampbox.com\/it\/wp-json\/wp\/v2\/product_tag?post=8341"}],"curies":[{"name":"wp","href":"https:\/\/api.w.org\/{rel}","templated":true}]}}