{"id":18343,"date":"2025-08-28T07:19:52","date_gmt":"2025-08-28T07:19:52","guid":{"rendered":"https:\/\/maxcampbox.com\/?post_type=product&#038;p=18343"},"modified":"2025-08-28T07:19:52","modified_gmt":"2025-08-28T07:19:52","slug":"ventouses-avec-ecrou","status":"publish","type":"product","link":"https:\/\/maxcampbox.com\/it\/produit\/ventouses-avec-ecrou\/","title":{"rendered":"Ventouses avec \u00e9crou"},"content":{"rendered":"<h4 data-start=\"84\" data-end=\"123\">Ventouses avec \u00e9crou de haute qualit\u00e9<\/h4>\n<p data-start=\"125\" data-end=\"248\">Ventouses \u00d850 mm avec \u00e9crou M4, tige filet\u00e9e de 10 mm.<br data-start=\"179\" data-end=\"182\" \/>Mod\u00e8le avec languette pour une extraction facile et sans effort.<\/p>\n<p data-start=\"250\" data-end=\"649\">Ces ventouses sp\u00e9cialement con\u00e7ues pour nos isolants thermiques occultants permettent de retirer les isolants sans d\u00e9coller les ventouses, \u00e9vitant ainsi tout risque d\u2019endommager la ventouse ou l\u2019isolant. Elles sont \u00e9galement compatibles avec tous les isolants du march\u00e9, qu\u2019ils soient \u00e9quip\u00e9s de grands \u0153illets (utilis\u00e9s par certains fabricants) ou de petits \u0153illets comme ceux que nous utilisons.<\/p>\n<p data-start=\"651\" data-end=\"939\">Pratiques en voyage, les ventouses restent en place afin que les isolants retrouvent imm\u00e9diatement leur position. Nous recommandons de les retirer lorsqu\u2019elles ne sont pas utilis\u00e9es sur une longue p\u00e9riode, afin d\u2019\u00e9viter une exposition prolong\u00e9e au soleil et prolonger leur dur\u00e9e de vie.<\/p>\n<p data-start=\"1267\" data-end=\"1396\">Ce mod\u00e8le de ventouse int\u00e8gre une languette pratique permettant un retrait rapide, sans endommager ni l\u2019isolant ni la ventouse.<\/p>\n","protected":false},"excerpt":{"rendered":"<ul>\n<li>Lot de 5 ventouses<\/li>\n<li>Ventouses \u00d850 mm avec \u00e9crou M4<\/li>\n<li>Tige filet\u00e9e de 10 mm<\/li>\n<li>Ventouse avec languette<\/li>\n<\/ul>\n<p>&nbsp;<\/p>\n","protected":false},"featured_media":18348,"comment_status":"open","ping_status":"closed","template":"","meta":{"_monsterinsights_skip_tracking":false,"_monsterinsights_sitenote_active":false,"_monsterinsights_sitenote_note":"","_monsterinsights_sitenote_category":0},"product_brand":[],"product_cat":[802,803],"product_tag":[],"class_list":{"0":"post-18343","1":"product","2":"type-product","3":"status-publish","4":"has-post-thumbnail","6":"product_cat-accessoires","7":"product_cat-ventouses-avec-ecrou","9":"first","10":"instock","11":"taxable","12":"shipping-taxable","13":"purchasable","14":"product-type-simple"},"yoast_head":"<!-- This site is optimized with the Yoast SEO plugin v27.4 - https:\/\/yoast.com\/product\/yoast-seo-wordpress\/ -->\n<title>Ventouses avec \u00e9crou - maxcampbox<\/title>\n<meta name=\"robots\" content=\"index, follow, max-snippet:-1, max-image-preview:large, max-video-preview:-1\" \/>\n<link rel=\"canonical\" href=\"https:\/\/maxcampbox.com\/it\/produit\/ventouses-avec-ecrou\/\" \/>\n<meta property=\"og:locale\" content=\"it_IT\" \/>\n<meta property=\"og:type\" content=\"article\" \/>\n<meta property=\"og:title\" content=\"Ventouses avec \u00e9crou - maxcampbox\" \/>\n<meta property=\"og:description\" content=\"Lot de 5 ventouses  Ventouses \u00d850 mm avec \u00e9crou M4  Tige filet\u00e9e de 10 mm  Ventouse avec languette  &nbsp;\" \/>\n<meta property=\"og:url\" content=\"https:\/\/maxcampbox.com\/it\/produit\/ventouses-avec-ecrou\/\" \/>\n<meta property=\"og:site_name\" content=\"maxcampbox\" \/>\n<meta property=\"og:image\" content=\"http:\/\/maxcampbox.com\/wp-content\/uploads\/2025\/08\/Ventouse-avec-ecrou.jpg\" \/>\n\t<meta property=\"og:image:width\" content=\"850\" \/>\n\t<meta property=\"og:image:height\" content=\"850\" \/>\n\t<meta property=\"og:image:type\" content=\"image\/jpeg\" \/>\n<meta name=\"twitter:card\" content=\"summary_large_image\" \/>\n<meta name=\"twitter:label1\" content=\"Tempo di lettura stimato\" \/>\n\t<meta name=\"twitter:data1\" content=\"1 minuto\" \/>\n<script type=\"application\/ld+json\" class=\"yoast-schema-graph\">{\"@context\":\"https:\\\/\\\/schema.org\",\"@graph\":[{\"@type\":\"WebPage\",\"@id\":\"https:\\\/\\\/maxcampbox.com\\\/it\\\/produit\\\/ventouses-avec-ecrou\\\/\",\"url\":\"https:\\\/\\\/maxcampbox.com\\\/it\\\/produit\\\/ventouses-avec-ecrou\\\/\",\"name\":\"Ventouses avec \u00e9crou - maxcampbox\",\"isPartOf\":{\"@id\":\"https:\\\/\\\/maxcampbox.com\\\/it\\\/#website\"},\"primaryImageOfPage\":{\"@id\":\"https:\\\/\\\/maxcampbox.com\\\/it\\\/produit\\\/ventouses-avec-ecrou\\\/#primaryimage\"},\"image\":{\"@id\":\"https:\\\/\\\/maxcampbox.com\\\/it\\\/produit\\\/ventouses-avec-ecrou\\\/#primaryimage\"},\"thumbnailUrl\":\"https:\\\/\\\/maxcampbox.com\\\/wp-content\\\/uploads\\\/2025\\\/08\\\/Ventouse-avec-ecrou.jpg\",\"datePublished\":\"2025-08-28T07:19:52+00:00\",\"breadcrumb\":{\"@id\":\"https:\\\/\\\/maxcampbox.com\\\/it\\\/produit\\\/ventouses-avec-ecrou\\\/#breadcrumb\"},\"inLanguage\":\"it-IT\",\"potentialAction\":[{\"@type\":\"ReadAction\",\"target\":[\"https:\\\/\\\/maxcampbox.com\\\/it\\\/produit\\\/ventouses-avec-ecrou\\\/\"]}]},{\"@type\":\"ImageObject\",\"inLanguage\":\"it-IT\",\"@id\":\"https:\\\/\\\/maxcampbox.com\\\/it\\\/produit\\\/ventouses-avec-ecrou\\\/#primaryimage\",\"url\":\"https:\\\/\\\/maxcampbox.com\\\/wp-content\\\/uploads\\\/2025\\\/08\\\/Ventouse-avec-ecrou.jpg\",\"contentUrl\":\"https:\\\/\\\/maxcampbox.com\\\/wp-content\\\/uploads\\\/2025\\\/08\\\/Ventouse-avec-ecrou.jpg\",\"width\":850,\"height\":850},{\"@type\":\"BreadcrumbList\",\"@id\":\"https:\\\/\\\/maxcampbox.com\\\/it\\\/produit\\\/ventouses-avec-ecrou\\\/#breadcrumb\",\"itemListElement\":[{\"@type\":\"ListItem\",\"position\":1,\"name\":\"Accueil\",\"item\":\"https:\\\/\\\/maxcampbox.com\\\/it\\\/\"},{\"@type\":\"ListItem\",\"position\":2,\"name\":\"Negozio\",\"item\":\"https:\\\/\\\/maxcampbox.com\\\/it\\\/negozio\\\/\"},{\"@type\":\"ListItem\",\"position\":3,\"name\":\"Ventouses avec \u00e9crou\"}]},{\"@type\":\"WebSite\",\"@id\":\"https:\\\/\\\/maxcampbox.com\\\/it\\\/#website\",\"url\":\"https:\\\/\\\/maxcampbox.com\\\/it\\\/\",\"name\":\"maxcampbox\",\"description\":\"Camping Box pour vans am\u00e9nag\u00e9s\",\"potentialAction\":[{\"@type\":\"SearchAction\",\"target\":{\"@type\":\"EntryPoint\",\"urlTemplate\":\"https:\\\/\\\/maxcampbox.com\\\/it\\\/?s={search_term_string}\"},\"query-input\":{\"@type\":\"PropertyValueSpecification\",\"valueRequired\":true,\"valueName\":\"search_term_string\"}}],\"inLanguage\":\"it-IT\"}]}<\/script>\n<!-- \/ Yoast SEO plugin. -->","yoast_head_json":{"title":"Ventouses avec \u00e9crou - maxcampbox","robots":{"index":"index","follow":"follow","max-snippet":"max-snippet:-1","max-image-preview":"max-image-preview:large","max-video-preview":"max-video-preview:-1"},"canonical":"https:\/\/maxcampbox.com\/it\/produit\/ventouses-avec-ecrou\/","og_locale":"it_IT","og_type":"article","og_title":"Ventouses avec \u00e9crou - maxcampbox","og_description":"Lot de 5 ventouses  Ventouses \u00d850 mm avec \u00e9crou M4  Tige filet\u00e9e de 10 mm  Ventouse avec languette  &nbsp;","og_url":"https:\/\/maxcampbox.com\/it\/produit\/ventouses-avec-ecrou\/","og_site_name":"maxcampbox","og_image":[{"width":850,"height":850,"url":"http:\/\/maxcampbox.com\/wp-content\/uploads\/2025\/08\/Ventouse-avec-ecrou.jpg","type":"image\/jpeg"}],"twitter_card":"summary_large_image","twitter_misc":{"Tempo di lettura stimato":"1 minuto"},"schema":{"@context":"https:\/\/schema.org","@graph":[{"@type":"WebPage","@id":"https:\/\/maxcampbox.com\/it\/produit\/ventouses-avec-ecrou\/","url":"https:\/\/maxcampbox.com\/it\/produit\/ventouses-avec-ecrou\/","name":"Ventouses avec \u00e9crou - maxcampbox","isPartOf":{"@id":"https:\/\/maxcampbox.com\/it\/#website"},"primaryImageOfPage":{"@id":"https:\/\/maxcampbox.com\/it\/produit\/ventouses-avec-ecrou\/#primaryimage"},"image":{"@id":"https:\/\/maxcampbox.com\/it\/produit\/ventouses-avec-ecrou\/#primaryimage"},"thumbnailUrl":"https:\/\/maxcampbox.com\/wp-content\/uploads\/2025\/08\/Ventouse-avec-ecrou.jpg","datePublished":"2025-08-28T07:19:52+00:00","breadcrumb":{"@id":"https:\/\/maxcampbox.com\/it\/produit\/ventouses-avec-ecrou\/#breadcrumb"},"inLanguage":"it-IT","potentialAction":[{"@type":"ReadAction","target":["https:\/\/maxcampbox.com\/it\/produit\/ventouses-avec-ecrou\/"]}]},{"@type":"ImageObject","inLanguage":"it-IT","@id":"https:\/\/maxcampbox.com\/it\/produit\/ventouses-avec-ecrou\/#primaryimage","url":"https:\/\/maxcampbox.com\/wp-content\/uploads\/2025\/08\/Ventouse-avec-ecrou.jpg","contentUrl":"https:\/\/maxcampbox.com\/wp-content\/uploads\/2025\/08\/Ventouse-avec-ecrou.jpg","width":850,"height":850},{"@type":"BreadcrumbList","@id":"https:\/\/maxcampbox.com\/it\/produit\/ventouses-avec-ecrou\/#breadcrumb","itemListElement":[{"@type":"ListItem","position":1,"name":"Accueil","item":"https:\/\/maxcampbox.com\/it\/"},{"@type":"ListItem","position":2,"name":"Negozio","item":"https:\/\/maxcampbox.com\/it\/negozio\/"},{"@type":"ListItem","position":3,"name":"Ventouses avec \u00e9crou"}]},{"@type":"WebSite","@id":"https:\/\/maxcampbox.com\/it\/#website","url":"https:\/\/maxcampbox.com\/it\/","name":"maxcampbox","description":"Camping Box pour vans am\u00e9nag\u00e9s","potentialAction":[{"@type":"SearchAction","target":{"@type":"EntryPoint","urlTemplate":"https:\/\/maxcampbox.com\/it\/?s={search_term_string}"},"query-input":{"@type":"PropertyValueSpecification","valueRequired":true,"valueName":"search_term_string"}}],"inLanguage":"it-IT"}]}},"_links":{"self":[{"href":"https:\/\/maxcampbox.com\/it\/wp-json\/wp\/v2\/product\/18343","targetHints":{"allow":["GET"]}}],"collection":[{"href":"https:\/\/maxcampbox.com\/it\/wp-json\/wp\/v2\/product"}],"about":[{"href":"https:\/\/maxcampbox.com\/it\/wp-json\/wp\/v2\/types\/product"}],"replies":[{"embeddable":true,"href":"https:\/\/maxcampbox.com\/it\/wp-json\/wp\/v2\/comments?post=18343"}],"wp:featuredmedia":[{"embeddable":true,"href":"https:\/\/maxcampbox.com\/it\/wp-json\/wp\/v2\/media\/18348"}],"wp:attachment":[{"href":"https:\/\/maxcampbox.com\/it\/wp-json\/wp\/v2\/media?parent=18343"}],"wp:term":[{"taxonomy":"product_brand","embeddable":true,"href":"https:\/\/maxcampbox.com\/it\/wp-json\/wp\/v2\/product_brand?post=18343"},{"taxonomy":"product_cat","embeddable":true,"href":"https:\/\/maxcampbox.com\/it\/wp-json\/wp\/v2\/product_cat?post=18343"},{"taxonomy":"product_tag","embeddable":true,"href":"https:\/\/maxcampbox.com\/it\/wp-json\/wp\/v2\/product_tag?post=18343"}],"curies":[{"name":"wp","href":"https:\/\/api.w.org\/{rel}","templated":true}]}}