{"id":17058,"date":"2025-05-20T08:46:12","date_gmt":"2025-05-20T08:46:12","guid":{"rendered":"https:\/\/maxcampbox.com\/?post_type=product&#038;p=17058"},"modified":"2025-05-20T14:35:13","modified_gmt":"2025-05-20T14:35:13","slug":"moustiquaires-ford-tourneo-custom-i-2012-2023","status":"publish","type":"product","link":"https:\/\/maxcampbox.com\/it\/produit\/moustiquaires-ford-tourneo-custom-i-2012-2023\/","title":{"rendered":"Moustiquaires Ford Tourneo Custom I 2012-2023"},"content":{"rendered":"[vc_row type=&#8221;in_container&#8221; full_screen_row_position=&#8221;middle&#8221; column_margin=&#8221;default&#8221; column_direction=&#8221;default&#8221; column_direction_tablet=&#8221;default&#8221; column_direction_phone=&#8221;default&#8221; scene_position=&#8221;center&#8221; text_color=&#8221;dark&#8221; text_align=&#8221;left&#8221; row_border_radius=&#8221;none&#8221; row_border_radius_applies=&#8221;bg&#8221; overlay_strength=&#8221;0.3&#8243; gradient_direction=&#8221;left_to_right&#8221; shape_divider_position=&#8221;bottom&#8221; bg_image_animation=&#8221;none&#8221;][vc_column column_padding=&#8221;no-extra-padding&#8221; column_padding_tablet=&#8221;inherit&#8221; column_padding_phone=&#8221;inherit&#8221; column_padding_position=&#8221;all&#8221; column_element_spacing=&#8221;default&#8221; background_color_opacity=&#8221;1&#8243; background_hover_color_opacity=&#8221;1&#8243; column_shadow=&#8221;none&#8221; column_border_radius=&#8221;none&#8221; column_link_target=&#8221;_self&#8221; gradient_direction=&#8221;left_to_right&#8221; overlay_strength=&#8221;0.3&#8243; width=&#8221;1\/1&#8243; tablet_width_inherit=&#8221;default&#8221; tablet_text_alignment=&#8221;default&#8221; phone_text_alignment=&#8221;default&#8221; bg_image_animation=&#8221;none&#8221; border_type=&#8221;simple&#8221; column_border_width=&#8221;none&#8221; column_border_style=&#8221;solid&#8221;][vc_column_text]\n<h1>Moustiquaires Ford Tourneo Custom I 2012-2023<\/h1>\n<p>&nbsp;<\/p>\n<p><strong>Moustiquaire pour les vitres avant de Ford Tourneo Custom I 2012-2023,<\/strong> r\u00e9alis\u00e9e avec la g\u00e9om\u00e9trie adapt\u00e9e \u00e0 ce mod\u00e8le de fourgon, en utilisant un tissu moustiquaire de haute qualit\u00e9.<\/p>\n<p>Ourl\u00e9 sur tout le p\u00e9rim\u00e8tre pour obtenir une bonne finition tout en \u00e9vitant les d\u00e9chirures sur les c\u00f4t\u00e9s.<\/p>\n<p><strong>Des aimants<\/strong> sont plac\u00e9s sur tout le p\u00e9rim\u00e8tre, \u00e0 l&#8217;exception du bas de la garniture, pour une adh\u00e9rence parfaite sur la partie m\u00e9tallique pr\u00e9cise de la fen\u00eatre. Les aimants sont compl\u00e8tement cach\u00e9s \u00e0 l&#8217;int\u00e9rieur de la garniture.<\/p>\n<p>Ces moustiquaires pour Berlingo II 2008-2018 permettent une excellente ventilation \u00e0 l&#8217;int\u00e9rieur du v\u00e9hicule. La fen\u00eatre peut \u00eatre ouverte partiellement ou totalement sans avoir \u00e0 retirer l&#8217;\u00e9cran. Cela emp\u00eache les moustiques et autres insectes g\u00eanants d&#8217;entrer, vous permettant de dormir paisiblement sans les piq\u00fbres g\u00eanantes de moustiques et d&#8217;insectes.<\/p>\n<p><a href=\"https:\/\/maxcampbox.com\/produit\/rideaux-isolant-occultant-ford-tourneo-custom-i-l1-2012-2023\/\" target=\"_blank\" rel=\"noopener\">Ajoutez le kit d&#8217;isolation thermique<\/a> \u00e0 votre achat pour vous prot\u00e9ger de la chaleur et du froid, assombrir l&#8217;habitacle pour un meilleur sommeil et \u00e9viter les regards indiscrets.<\/p>\n<p>Fourniture :<br \/>\n2 moustiquaires pour les vitres conducteur et passager.<br \/>\n1 sac pour ranger les moustiquaires.<\/p>\n<p>Composition moustiquaire :<br \/>\n100% Polyester 35 gr\/m2 + 5%<br \/>\nPolyester bordure.<br \/>\nAimants en n\u00e9odyme<\/p>\n<p>Caract\u00e9ristiques du tissu :<br \/>\nR\u00e9sistance \u00e0 la lumi\u00e8re : 6<br \/>\nR\u00e9sistance \u00e0 la transpiration : 4-5<br \/>\nR\u00e9sistance au lavage \u00e0 l&#8217;eau \u00e0 30\u00b0C : 4-5<br \/>\nR\u00e9sistance au repassage : 4-5<\/p>\n<p>Propri\u00e9t\u00e9s :<br \/>\nHydrofuge<br \/>\nHydrophile<br \/>\nAntibact\u00e9rien<br \/>\nProtection UV<br \/>\nIgnifuge[\/vc_column_text][\/vc_column][\/vc_row]\n","protected":false},"excerpt":{"rendered":"<ul>\n<li>2 moustiquaires pour les vitres conducteur et passager<\/li>\n<li>1 sac de rangement<\/li>\n<li>Installation avec aimants<\/li>\n<li>D\u00e9lai 1 &#8211; 3 semaines<\/li>\n<\/ul>\n","protected":false},"featured_media":17059,"comment_status":"open","ping_status":"closed","template":"","meta":{"_monsterinsights_skip_tracking":false,"_monsterinsights_sitenote_active":false,"_monsterinsights_sitenote_note":"","_monsterinsights_sitenote_category":0},"product_brand":[],"product_cat":[763,772],"product_tag":[],"class_list":{"0":"post-17058","1":"product","2":"type-product","3":"status-publish","4":"has-post-thumbnail","6":"product_cat-moustiquaires","7":"product_cat-moustiquaires-ford-transit-custom-i-2012-2023","8":"product_shipping_class-moustiquaires","10":"first","11":"instock","12":"taxable","13":"shipping-taxable","14":"purchasable","15":"product-type-simple"},"yoast_head":"<!-- This site is optimized with the Yoast SEO plugin v27.3 - https:\/\/yoast.com\/product\/yoast-seo-wordpress\/ -->\n<title>Moustiquaires Ford Tourneo Custom I 2012-2023 - maxcampbox<\/title>\n<meta name=\"robots\" content=\"index, follow, max-snippet:-1, max-image-preview:large, max-video-preview:-1\" \/>\n<link rel=\"canonical\" href=\"https:\/\/maxcampbox.com\/it\/produit\/moustiquaires-ford-tourneo-custom-i-2012-2023\/\" \/>\n<meta property=\"og:locale\" content=\"it_IT\" \/>\n<meta property=\"og:type\" content=\"article\" \/>\n<meta property=\"og:title\" content=\"Moustiquaires Ford Tourneo Custom I 2012-2023 - maxcampbox\" \/>\n<meta property=\"og:description\" content=\"2 moustiquaires pour les vitres conducteur et passager  1 sac de rangement  Installation avec aimants  D\u00e9lai 1 - 3 semaines\" \/>\n<meta property=\"og:url\" content=\"https:\/\/maxcampbox.com\/it\/produit\/moustiquaires-ford-tourneo-custom-i-2012-2023\/\" \/>\n<meta property=\"og:site_name\" content=\"maxcampbox\" \/>\n<meta property=\"article:modified_time\" content=\"2025-05-20T14:35:13+00:00\" \/>\n<meta property=\"og:image\" content=\"http:\/\/maxcampbox.com\/wp-content\/uploads\/2025\/05\/Moustiquaires-Ford-Tourneo-Custom-I-2012-2023-cabine-conducteur-passager-porte-vitre.png\" \/>\n\t<meta property=\"og:image:width\" content=\"1080\" \/>\n\t<meta property=\"og:image:height\" content=\"1080\" \/>\n\t<meta property=\"og:image:type\" content=\"image\/png\" \/>\n<meta name=\"twitter:card\" content=\"summary_large_image\" \/>\n<meta name=\"twitter:label1\" content=\"Tempo di lettura stimato\" \/>\n\t<meta name=\"twitter:data1\" content=\"2 minuti\" \/>\n<script type=\"application\/ld+json\" class=\"yoast-schema-graph\">{\"@context\":\"https:\\\/\\\/schema.org\",\"@graph\":[{\"@type\":\"WebPage\",\"@id\":\"https:\\\/\\\/maxcampbox.com\\\/it\\\/produit\\\/moustiquaires-ford-tourneo-custom-i-2012-2023\\\/\",\"url\":\"https:\\\/\\\/maxcampbox.com\\\/it\\\/produit\\\/moustiquaires-ford-tourneo-custom-i-2012-2023\\\/\",\"name\":\"Moustiquaires Ford Tourneo Custom I 2012-2023 - maxcampbox\",\"isPartOf\":{\"@id\":\"https:\\\/\\\/maxcampbox.com\\\/it\\\/#website\"},\"primaryImageOfPage\":{\"@id\":\"https:\\\/\\\/maxcampbox.com\\\/it\\\/produit\\\/moustiquaires-ford-tourneo-custom-i-2012-2023\\\/#primaryimage\"},\"image\":{\"@id\":\"https:\\\/\\\/maxcampbox.com\\\/it\\\/produit\\\/moustiquaires-ford-tourneo-custom-i-2012-2023\\\/#primaryimage\"},\"thumbnailUrl\":\"https:\\\/\\\/maxcampbox.com\\\/wp-content\\\/uploads\\\/2025\\\/05\\\/Moustiquaires-Ford-Tourneo-Custom-I-2012-2023-cabine-conducteur-passager-porte-vitre.png\",\"datePublished\":\"2025-05-20T08:46:12+00:00\",\"dateModified\":\"2025-05-20T14:35:13+00:00\",\"breadcrumb\":{\"@id\":\"https:\\\/\\\/maxcampbox.com\\\/it\\\/produit\\\/moustiquaires-ford-tourneo-custom-i-2012-2023\\\/#breadcrumb\"},\"inLanguage\":\"it-IT\",\"potentialAction\":[{\"@type\":\"ReadAction\",\"target\":[\"https:\\\/\\\/maxcampbox.com\\\/it\\\/produit\\\/moustiquaires-ford-tourneo-custom-i-2012-2023\\\/\"]}]},{\"@type\":\"ImageObject\",\"inLanguage\":\"it-IT\",\"@id\":\"https:\\\/\\\/maxcampbox.com\\\/it\\\/produit\\\/moustiquaires-ford-tourneo-custom-i-2012-2023\\\/#primaryimage\",\"url\":\"https:\\\/\\\/maxcampbox.com\\\/wp-content\\\/uploads\\\/2025\\\/05\\\/Moustiquaires-Ford-Tourneo-Custom-I-2012-2023-cabine-conducteur-passager-porte-vitre.png\",\"contentUrl\":\"https:\\\/\\\/maxcampbox.com\\\/wp-content\\\/uploads\\\/2025\\\/05\\\/Moustiquaires-Ford-Tourneo-Custom-I-2012-2023-cabine-conducteur-passager-porte-vitre.png\",\"width\":1080,\"height\":1080},{\"@type\":\"BreadcrumbList\",\"@id\":\"https:\\\/\\\/maxcampbox.com\\\/it\\\/produit\\\/moustiquaires-ford-tourneo-custom-i-2012-2023\\\/#breadcrumb\",\"itemListElement\":[{\"@type\":\"ListItem\",\"position\":1,\"name\":\"Accueil\",\"item\":\"https:\\\/\\\/maxcampbox.com\\\/it\\\/\"},{\"@type\":\"ListItem\",\"position\":2,\"name\":\"Negozio\",\"item\":\"https:\\\/\\\/maxcampbox.com\\\/it\\\/negozio\\\/\"},{\"@type\":\"ListItem\",\"position\":3,\"name\":\"Moustiquaires Ford Tourneo Custom I 2012-2023\"}]},{\"@type\":\"WebSite\",\"@id\":\"https:\\\/\\\/maxcampbox.com\\\/it\\\/#website\",\"url\":\"https:\\\/\\\/maxcampbox.com\\\/it\\\/\",\"name\":\"maxcampbox\",\"description\":\"Camping Box pour vans am\u00e9nag\u00e9s\",\"potentialAction\":[{\"@type\":\"SearchAction\",\"target\":{\"@type\":\"EntryPoint\",\"urlTemplate\":\"https:\\\/\\\/maxcampbox.com\\\/it\\\/?s={search_term_string}\"},\"query-input\":{\"@type\":\"PropertyValueSpecification\",\"valueRequired\":true,\"valueName\":\"search_term_string\"}}],\"inLanguage\":\"it-IT\"}]}<\/script>\n<!-- \/ Yoast SEO plugin. -->","yoast_head_json":{"title":"Moustiquaires Ford Tourneo Custom I 2012-2023 - maxcampbox","robots":{"index":"index","follow":"follow","max-snippet":"max-snippet:-1","max-image-preview":"max-image-preview:large","max-video-preview":"max-video-preview:-1"},"canonical":"https:\/\/maxcampbox.com\/it\/produit\/moustiquaires-ford-tourneo-custom-i-2012-2023\/","og_locale":"it_IT","og_type":"article","og_title":"Moustiquaires Ford Tourneo Custom I 2012-2023 - maxcampbox","og_description":"2 moustiquaires pour les vitres conducteur et passager  1 sac de rangement  Installation avec aimants  D\u00e9lai 1 - 3 semaines","og_url":"https:\/\/maxcampbox.com\/it\/produit\/moustiquaires-ford-tourneo-custom-i-2012-2023\/","og_site_name":"maxcampbox","article_modified_time":"2025-05-20T14:35:13+00:00","og_image":[{"width":1080,"height":1080,"url":"http:\/\/maxcampbox.com\/wp-content\/uploads\/2025\/05\/Moustiquaires-Ford-Tourneo-Custom-I-2012-2023-cabine-conducteur-passager-porte-vitre.png","type":"image\/png"}],"twitter_card":"summary_large_image","twitter_misc":{"Tempo di lettura stimato":"2 minuti"},"schema":{"@context":"https:\/\/schema.org","@graph":[{"@type":"WebPage","@id":"https:\/\/maxcampbox.com\/it\/produit\/moustiquaires-ford-tourneo-custom-i-2012-2023\/","url":"https:\/\/maxcampbox.com\/it\/produit\/moustiquaires-ford-tourneo-custom-i-2012-2023\/","name":"Moustiquaires Ford Tourneo Custom I 2012-2023 - maxcampbox","isPartOf":{"@id":"https:\/\/maxcampbox.com\/it\/#website"},"primaryImageOfPage":{"@id":"https:\/\/maxcampbox.com\/it\/produit\/moustiquaires-ford-tourneo-custom-i-2012-2023\/#primaryimage"},"image":{"@id":"https:\/\/maxcampbox.com\/it\/produit\/moustiquaires-ford-tourneo-custom-i-2012-2023\/#primaryimage"},"thumbnailUrl":"https:\/\/maxcampbox.com\/wp-content\/uploads\/2025\/05\/Moustiquaires-Ford-Tourneo-Custom-I-2012-2023-cabine-conducteur-passager-porte-vitre.png","datePublished":"2025-05-20T08:46:12+00:00","dateModified":"2025-05-20T14:35:13+00:00","breadcrumb":{"@id":"https:\/\/maxcampbox.com\/it\/produit\/moustiquaires-ford-tourneo-custom-i-2012-2023\/#breadcrumb"},"inLanguage":"it-IT","potentialAction":[{"@type":"ReadAction","target":["https:\/\/maxcampbox.com\/it\/produit\/moustiquaires-ford-tourneo-custom-i-2012-2023\/"]}]},{"@type":"ImageObject","inLanguage":"it-IT","@id":"https:\/\/maxcampbox.com\/it\/produit\/moustiquaires-ford-tourneo-custom-i-2012-2023\/#primaryimage","url":"https:\/\/maxcampbox.com\/wp-content\/uploads\/2025\/05\/Moustiquaires-Ford-Tourneo-Custom-I-2012-2023-cabine-conducteur-passager-porte-vitre.png","contentUrl":"https:\/\/maxcampbox.com\/wp-content\/uploads\/2025\/05\/Moustiquaires-Ford-Tourneo-Custom-I-2012-2023-cabine-conducteur-passager-porte-vitre.png","width":1080,"height":1080},{"@type":"BreadcrumbList","@id":"https:\/\/maxcampbox.com\/it\/produit\/moustiquaires-ford-tourneo-custom-i-2012-2023\/#breadcrumb","itemListElement":[{"@type":"ListItem","position":1,"name":"Accueil","item":"https:\/\/maxcampbox.com\/it\/"},{"@type":"ListItem","position":2,"name":"Negozio","item":"https:\/\/maxcampbox.com\/it\/negozio\/"},{"@type":"ListItem","position":3,"name":"Moustiquaires Ford Tourneo Custom I 2012-2023"}]},{"@type":"WebSite","@id":"https:\/\/maxcampbox.com\/it\/#website","url":"https:\/\/maxcampbox.com\/it\/","name":"maxcampbox","description":"Camping Box pour vans am\u00e9nag\u00e9s","potentialAction":[{"@type":"SearchAction","target":{"@type":"EntryPoint","urlTemplate":"https:\/\/maxcampbox.com\/it\/?s={search_term_string}"},"query-input":{"@type":"PropertyValueSpecification","valueRequired":true,"valueName":"search_term_string"}}],"inLanguage":"it-IT"}]}},"_links":{"self":[{"href":"https:\/\/maxcampbox.com\/it\/wp-json\/wp\/v2\/product\/17058","targetHints":{"allow":["GET"]}}],"collection":[{"href":"https:\/\/maxcampbox.com\/it\/wp-json\/wp\/v2\/product"}],"about":[{"href":"https:\/\/maxcampbox.com\/it\/wp-json\/wp\/v2\/types\/product"}],"replies":[{"embeddable":true,"href":"https:\/\/maxcampbox.com\/it\/wp-json\/wp\/v2\/comments?post=17058"}],"wp:featuredmedia":[{"embeddable":true,"href":"https:\/\/maxcampbox.com\/it\/wp-json\/wp\/v2\/media\/17059"}],"wp:attachment":[{"href":"https:\/\/maxcampbox.com\/it\/wp-json\/wp\/v2\/media?parent=17058"}],"wp:term":[{"taxonomy":"product_brand","embeddable":true,"href":"https:\/\/maxcampbox.com\/it\/wp-json\/wp\/v2\/product_brand?post=17058"},{"taxonomy":"product_cat","embeddable":true,"href":"https:\/\/maxcampbox.com\/it\/wp-json\/wp\/v2\/product_cat?post=17058"},{"taxonomy":"product_tag","embeddable":true,"href":"https:\/\/maxcampbox.com\/it\/wp-json\/wp\/v2\/product_tag?post=17058"}],"curies":[{"name":"wp","href":"https:\/\/api.w.org\/{rel}","templated":true}]}}