{"id":16190,"date":"2024-09-22T12:39:46","date_gmt":"2024-09-22T12:39:46","guid":{"rendered":"https:\/\/maxcampbox.com\/produit\/tenda-isolante-occultante-volkswagen-t5-transporter-long-2003-2015\/"},"modified":"2025-04-28T12:58:30","modified_gmt":"2025-04-28T12:58:30","slug":"tenda-isolante-occultante-volkswagen-t5-transporter-long-2003-2015","status":"publish","type":"product","link":"https:\/\/maxcampbox.com\/it\/produit\/tenda-isolante-occultante-volkswagen-t5-transporter-long-2003-2015\/","title":{"rendered":"Tenda isolante\/occultante Volkswagen T5 Transporter Long 2003-2015"},"content":{"rendered":"[vc_row type=&#8221;in_container&#8221; full_screen_row_position=&#8221;middle&#8221; column_margin=&#8221;default&#8221; column_direction=&#8221;default&#8221; column_direction_tablet=&#8221;default&#8221; column_direction_phone=&#8221;default&#8221; scene_position=&#8221;center&#8221; text_color=&#8221;dark&#8221; text_align=&#8221;left&#8221; row_border_radius=&#8221;none&#8221; row_border_radius_applies=&#8221;bg&#8221; overlay_strength=&#8221;0.3&#8243; gradient_direction=&#8221;left_to_right&#8221; shape_divider_position=&#8221;bottom&#8221; bg_image_animation=&#8221;none&#8221;][vc_column column_padding=&#8221;no-extra-padding&#8221; column_padding_tablet=&#8221;inherit&#8221; column_padding_phone=&#8221;inherit&#8221; column_padding_position=&#8221;all&#8221; column_element_spacing=&#8221;default&#8221; background_color_opacity=&#8221;1&#8243; background_hover_color_opacity=&#8221;1&#8243; column_shadow=&#8221;none&#8221; column_border_radius=&#8221;none&#8221; column_link_target=&#8221;_self&#8221; gradient_direction=&#8221;left_to_right&#8221; overlay_strength=&#8221;0.3&#8243; width=&#8221;1\/1&#8243; tablet_width_inherit=&#8221;default&#8221; tablet_text_alignment=&#8221;default&#8221; phone_text_alignment=&#8221;default&#8221; bg_image_animation=&#8221;none&#8221; border_type=&#8221;simple&#8221; column_border_width=&#8221;none&#8221; column_border_style=&#8221;solid&#8221;][vc_column_text]<span style=\"color: #000000;\"><strong>Perch\u00e9 scegliere la produzione di tende isolate?<\/strong><\/span><\/p>\n<p><span style=\"color: #000000;\">Trovare la protezione isolante o la tenda interna perfetta per il tuo modello di veicolo a volte pu\u00f2 essere una sfida. Quando cerchi di acquistare una protezione isolante, spesso devi verificare la compatibilit\u00e0 con il modello specifico del tuo veicolo per il tempo libero, che sia un camper, un furgone o un van. <\/span><\/p>\n<p><span style=\"color: #000000;\">\u00c8 qui che entra in gioco la possibilit\u00e0 di realizzare a mano le tue tende isolanti. Realizzando tende su misura, puoi essere certo della perfetta compatibilit\u00e0 con il tuo veicolo. Questo approccio personalizzato ti permette di rispondere con precisione alle dimensioni e alle specificit\u00e0 del tuo spazio, garantendoti un isolamento ottimale e una migliore gestione della luce all&#8217;interno del tuo veicolo.  <\/span><\/p>\n<p>&nbsp;<\/p>\n<h3>Volkswagen T5 Transporter Long 2003-2015 Isolamento termico Blackout, 9 strati realizzati con materiali di alta qualit\u00e0.<\/h3>\n<p>&nbsp;<\/p>\n<ul>\n<li><strong>Kit cabina<\/strong> (parabrezza anteriore, lato guida e lato passeggero).<\/li>\n<li><strong>Kit completo<\/strong> (parabrezza anteriore, lati del conducente e del passeggero, 2 lati della fila centrale, 2 lati dell&#8217;ultima fila di sedili e portellone posteriore o doppio portellone posteriore a seconda del modello).<\/li>\n<\/ul>\n<h4>Descrizione :<\/h4>\n<ul>\n<li>Ventose con dado grande \u00d850 e linguetta per una facile rimozione.<\/li>\n<li>Colore di rifinitura in base alla selezione.<\/li>\n<li>Occhielli in ottone nichelato, diametro interno \u00d8 6 mm.<\/li>\n<li>Coperchio con cerniera per riporre l&#8217;isolamento.<\/li>\n<\/ul>\n<p>Questo modello di ventosa con dado per l&#8217;isolamento termico di Renault Kangoo II 2007-2020 ti permette di rimuovere le tende senza dover togliere le ventose. Questo sistema \u00e8 molto pratico quando sei in movimento, perch\u00e9 quando vuoi posizionare le tende, queste sono gi\u00e0 nella posizione giusta. (\u00c8 consigliabile rimuoverli quando non vengono utilizzati per un certo periodo di tempo, in modo da non esporli permanentemente al sole e prolungarne la vita).<\/p>\n<p>Le coibentazioni termiche con ventose sono ideali per le temperature estreme, riducendo la temperatura all&#8217;interno del veicolo in caso di caldo e isolando l&#8217;interno del veicolo in caso di freddo. Oltre a isolare dal freddo e dal caldo, il nostro isolamento termico consente di oscurare perfettamente l&#8217;abitacolo, prolungando le ore di riposo. <\/p>\n<p>La linguetta di aspirazione integrata per una facile rimozione evita di danneggiare i vetri oscurati.<\/p>\n<p>Il nostro isolamento termico \u00e8 tagliato a controllo numerico. Garantiamo che tutte le parti dello stesso modello siano identiche, assicurando la geometria delle finestre per un adattamento ottimale e su misura. I nostri isolanti termici sono rifiniti con un rivestimento in polipropilene al 100% in due tonalit\u00e0 di grigio o nero, a seconda del modello scelto.  <\/p>\n<h4>Composizione dell&#8217;isolamento :<\/h4>\n<ol>\n<li>Strato esterno &#8211; alluminio da 90 micron, anti-ultravioletto e antigraffio.<\/li>\n<li>Strato interno: polietilene espanso da 2 mm.<\/li>\n<li>Strato interno: pellicola di alluminio da 38 micron per l&#8217;isolamento.<\/li>\n<li>Strato interno: polietilene espanso da 2 mm.<\/li>\n<li>Strato interno: pellicola di alluminio da 38 micron.<\/li>\n<li>Strato interno: polietilene espanso da 2 mm.<\/li>\n<li>Strato interno: pellicola di alluminio da 38 micron.<\/li>\n<li>Strato interno &#8211; 75g\/m di ovatta anallergica per l&#8217;isolamento.<\/li>\n<li>Strato interno: 190 g di poliestere grigio.<\/li>\n<\/ol>\n<p>Tempo di produzione 1 &#8211; 3 settimane[\/vc_column_text][\/vc_column][\/vc_row]\n","protected":false},"excerpt":{"rendered":"<ul>\n<li>Ventose alte \u00d850mm. Con dado e linguetta per una facile rimozione. <\/li>\n<li>Bordo in 100% cotone<\/li>\n<li>Occhielli in ottone nichelato, diametro interno \u00d86mm.<\/li>\n<li>Copertura in polipropilene da 80 micron con cerniera per riporre l&#8217;isolamento.<\/li>\n<li>Tempo di produzione 1 &#8211; 3 settimane<\/li>\n<\/ul>\n","protected":false},"featured_media":11883,"comment_status":"open","ping_status":"closed","template":"","meta":{"_monsterinsights_skip_tracking":false,"_monsterinsights_sitenote_active":false,"_monsterinsights_sitenote_note":"","_monsterinsights_sitenote_category":0},"product_brand":[],"product_cat":[733,718],"product_tag":[],"class_list":{"0":"post-16190","1":"product","2":"type-product","3":"status-publish","4":"has-post-thumbnail","6":"product_cat-t5-transporter-lungo-2003-2015","7":"product_cat-volkswagen-it","9":"first","10":"instock","11":"sold-individually","12":"taxable","13":"shipping-taxable","14":"purchasable","15":"product-type-variable","16":"has-default-attributes"},"yoast_head":"<!-- This site is optimized with the Yoast SEO plugin v27.3 - https:\/\/yoast.com\/product\/yoast-seo-wordpress\/ -->\n<title>Tenda isolante\/occultante Volkswagen T5 Transporter Long 2003-2015 - maxcampbox<\/title>\n<meta name=\"description\" content=\"Trovare la serranda isotermica o la tenda interna perfettamente adatta al tuo modello di veicolo a volte pu\u00f2 essere una sfida.\" \/>\n<meta name=\"robots\" content=\"index, follow, max-snippet:-1, max-image-preview:large, max-video-preview:-1\" \/>\n<link rel=\"canonical\" href=\"https:\/\/maxcampbox.com\/it\/produit\/tenda-isolante-occultante-volkswagen-t5-transporter-long-2003-2015\/\" \/>\n<meta property=\"og:locale\" content=\"it_IT\" \/>\n<meta property=\"og:type\" content=\"article\" \/>\n<meta property=\"og:title\" content=\"Tenda isolante\/occultante Volkswagen T5 Transporter Long 2003-2015 - maxcampbox\" \/>\n<meta property=\"og:description\" content=\"Trovare la serranda isotermica o la tenda interna perfettamente adatta al tuo modello di veicolo a volte pu\u00f2 essere una sfida.\" \/>\n<meta property=\"og:url\" content=\"https:\/\/maxcampbox.com\/it\/produit\/tenda-isolante-occultante-volkswagen-t5-transporter-long-2003-2015\/\" \/>\n<meta property=\"og:site_name\" content=\"maxcampbox\" \/>\n<meta property=\"article:modified_time\" content=\"2025-04-28T12:58:30+00:00\" \/>\n<meta property=\"og:image\" content=\"https:\/\/maxcampbox.com\/wp-content\/uploads\/2024\/09\/Volkswagen-T5-Transporter-long-2003-2015-rideau-isolant-occultant.png\" \/>\n\t<meta property=\"og:image:width\" content=\"1080\" \/>\n\t<meta property=\"og:image:height\" content=\"1080\" \/>\n\t<meta property=\"og:image:type\" content=\"image\/png\" \/>\n<meta name=\"twitter:card\" content=\"summary_large_image\" \/>\n<meta name=\"twitter:label1\" content=\"Tempo di lettura stimato\" \/>\n\t<meta name=\"twitter:data1\" content=\"3 minuti\" \/>\n<script type=\"application\/ld+json\" class=\"yoast-schema-graph\">{\"@context\":\"https:\\\/\\\/schema.org\",\"@graph\":[{\"@type\":\"WebPage\",\"@id\":\"https:\\\/\\\/maxcampbox.com\\\/it\\\/produit\\\/tenda-isolante-occultante-volkswagen-t5-transporter-long-2003-2015\\\/\",\"url\":\"https:\\\/\\\/maxcampbox.com\\\/it\\\/produit\\\/tenda-isolante-occultante-volkswagen-t5-transporter-long-2003-2015\\\/\",\"name\":\"Tenda isolante\\\/occultante Volkswagen T5 Transporter Long 2003-2015 - maxcampbox\",\"isPartOf\":{\"@id\":\"https:\\\/\\\/maxcampbox.com\\\/it\\\/#website\"},\"primaryImageOfPage\":{\"@id\":\"https:\\\/\\\/maxcampbox.com\\\/it\\\/produit\\\/tenda-isolante-occultante-volkswagen-t5-transporter-long-2003-2015\\\/#primaryimage\"},\"image\":{\"@id\":\"https:\\\/\\\/maxcampbox.com\\\/it\\\/produit\\\/tenda-isolante-occultante-volkswagen-t5-transporter-long-2003-2015\\\/#primaryimage\"},\"thumbnailUrl\":\"https:\\\/\\\/maxcampbox.com\\\/wp-content\\\/uploads\\\/2024\\\/09\\\/Volkswagen-T5-Transporter-long-2003-2015-rideau-isolant-occultant.png\",\"datePublished\":\"2024-09-22T12:39:46+00:00\",\"dateModified\":\"2025-04-28T12:58:30+00:00\",\"description\":\"Trovare la serranda isotermica o la tenda interna perfettamente adatta al tuo modello di veicolo a volte pu\u00f2 essere una sfida.\",\"breadcrumb\":{\"@id\":\"https:\\\/\\\/maxcampbox.com\\\/it\\\/produit\\\/tenda-isolante-occultante-volkswagen-t5-transporter-long-2003-2015\\\/#breadcrumb\"},\"inLanguage\":\"it-IT\",\"potentialAction\":[{\"@type\":\"ReadAction\",\"target\":[\"https:\\\/\\\/maxcampbox.com\\\/it\\\/produit\\\/tenda-isolante-occultante-volkswagen-t5-transporter-long-2003-2015\\\/\"]}]},{\"@type\":\"ImageObject\",\"inLanguage\":\"it-IT\",\"@id\":\"https:\\\/\\\/maxcampbox.com\\\/it\\\/produit\\\/tenda-isolante-occultante-volkswagen-t5-transporter-long-2003-2015\\\/#primaryimage\",\"url\":\"https:\\\/\\\/maxcampbox.com\\\/wp-content\\\/uploads\\\/2024\\\/09\\\/Volkswagen-T5-Transporter-long-2003-2015-rideau-isolant-occultant.png\",\"contentUrl\":\"https:\\\/\\\/maxcampbox.com\\\/wp-content\\\/uploads\\\/2024\\\/09\\\/Volkswagen-T5-Transporter-long-2003-2015-rideau-isolant-occultant.png\",\"width\":1080,\"height\":1080},{\"@type\":\"BreadcrumbList\",\"@id\":\"https:\\\/\\\/maxcampbox.com\\\/it\\\/produit\\\/tenda-isolante-occultante-volkswagen-t5-transporter-long-2003-2015\\\/#breadcrumb\",\"itemListElement\":[{\"@type\":\"ListItem\",\"position\":1,\"name\":\"Accueil\",\"item\":\"https:\\\/\\\/maxcampbox.com\\\/it\\\/\"},{\"@type\":\"ListItem\",\"position\":2,\"name\":\"Negozio\",\"item\":\"https:\\\/\\\/maxcampbox.com\\\/it\\\/negozio\\\/\"},{\"@type\":\"ListItem\",\"position\":3,\"name\":\"Tenda isolante\\\/occultante Volkswagen T5 Transporter Long 2003-2015\"}]},{\"@type\":\"WebSite\",\"@id\":\"https:\\\/\\\/maxcampbox.com\\\/it\\\/#website\",\"url\":\"https:\\\/\\\/maxcampbox.com\\\/it\\\/\",\"name\":\"maxcampbox\",\"description\":\"Camping Box pour vans am\u00e9nag\u00e9s\",\"potentialAction\":[{\"@type\":\"SearchAction\",\"target\":{\"@type\":\"EntryPoint\",\"urlTemplate\":\"https:\\\/\\\/maxcampbox.com\\\/it\\\/?s={search_term_string}\"},\"query-input\":{\"@type\":\"PropertyValueSpecification\",\"valueRequired\":true,\"valueName\":\"search_term_string\"}}],\"inLanguage\":\"it-IT\"}]}<\/script>\n<!-- \/ Yoast SEO plugin. -->","yoast_head_json":{"title":"Tenda isolante\/occultante Volkswagen T5 Transporter Long 2003-2015 - maxcampbox","description":"Trovare la serranda isotermica o la tenda interna perfettamente adatta al tuo modello di veicolo a volte pu\u00f2 essere una sfida.","robots":{"index":"index","follow":"follow","max-snippet":"max-snippet:-1","max-image-preview":"max-image-preview:large","max-video-preview":"max-video-preview:-1"},"canonical":"https:\/\/maxcampbox.com\/it\/produit\/tenda-isolante-occultante-volkswagen-t5-transporter-long-2003-2015\/","og_locale":"it_IT","og_type":"article","og_title":"Tenda isolante\/occultante Volkswagen T5 Transporter Long 2003-2015 - maxcampbox","og_description":"Trovare la serranda isotermica o la tenda interna perfettamente adatta al tuo modello di veicolo a volte pu\u00f2 essere una sfida.","og_url":"https:\/\/maxcampbox.com\/it\/produit\/tenda-isolante-occultante-volkswagen-t5-transporter-long-2003-2015\/","og_site_name":"maxcampbox","article_modified_time":"2025-04-28T12:58:30+00:00","og_image":[{"width":1080,"height":1080,"url":"https:\/\/maxcampbox.com\/wp-content\/uploads\/2024\/09\/Volkswagen-T5-Transporter-long-2003-2015-rideau-isolant-occultant.png","type":"image\/png"}],"twitter_card":"summary_large_image","twitter_misc":{"Tempo di lettura stimato":"3 minuti"},"schema":{"@context":"https:\/\/schema.org","@graph":[{"@type":"WebPage","@id":"https:\/\/maxcampbox.com\/it\/produit\/tenda-isolante-occultante-volkswagen-t5-transporter-long-2003-2015\/","url":"https:\/\/maxcampbox.com\/it\/produit\/tenda-isolante-occultante-volkswagen-t5-transporter-long-2003-2015\/","name":"Tenda isolante\/occultante Volkswagen T5 Transporter Long 2003-2015 - maxcampbox","isPartOf":{"@id":"https:\/\/maxcampbox.com\/it\/#website"},"primaryImageOfPage":{"@id":"https:\/\/maxcampbox.com\/it\/produit\/tenda-isolante-occultante-volkswagen-t5-transporter-long-2003-2015\/#primaryimage"},"image":{"@id":"https:\/\/maxcampbox.com\/it\/produit\/tenda-isolante-occultante-volkswagen-t5-transporter-long-2003-2015\/#primaryimage"},"thumbnailUrl":"https:\/\/maxcampbox.com\/wp-content\/uploads\/2024\/09\/Volkswagen-T5-Transporter-long-2003-2015-rideau-isolant-occultant.png","datePublished":"2024-09-22T12:39:46+00:00","dateModified":"2025-04-28T12:58:30+00:00","description":"Trovare la serranda isotermica o la tenda interna perfettamente adatta al tuo modello di veicolo a volte pu\u00f2 essere una sfida.","breadcrumb":{"@id":"https:\/\/maxcampbox.com\/it\/produit\/tenda-isolante-occultante-volkswagen-t5-transporter-long-2003-2015\/#breadcrumb"},"inLanguage":"it-IT","potentialAction":[{"@type":"ReadAction","target":["https:\/\/maxcampbox.com\/it\/produit\/tenda-isolante-occultante-volkswagen-t5-transporter-long-2003-2015\/"]}]},{"@type":"ImageObject","inLanguage":"it-IT","@id":"https:\/\/maxcampbox.com\/it\/produit\/tenda-isolante-occultante-volkswagen-t5-transporter-long-2003-2015\/#primaryimage","url":"https:\/\/maxcampbox.com\/wp-content\/uploads\/2024\/09\/Volkswagen-T5-Transporter-long-2003-2015-rideau-isolant-occultant.png","contentUrl":"https:\/\/maxcampbox.com\/wp-content\/uploads\/2024\/09\/Volkswagen-T5-Transporter-long-2003-2015-rideau-isolant-occultant.png","width":1080,"height":1080},{"@type":"BreadcrumbList","@id":"https:\/\/maxcampbox.com\/it\/produit\/tenda-isolante-occultante-volkswagen-t5-transporter-long-2003-2015\/#breadcrumb","itemListElement":[{"@type":"ListItem","position":1,"name":"Accueil","item":"https:\/\/maxcampbox.com\/it\/"},{"@type":"ListItem","position":2,"name":"Negozio","item":"https:\/\/maxcampbox.com\/it\/negozio\/"},{"@type":"ListItem","position":3,"name":"Tenda isolante\/occultante Volkswagen T5 Transporter Long 2003-2015"}]},{"@type":"WebSite","@id":"https:\/\/maxcampbox.com\/it\/#website","url":"https:\/\/maxcampbox.com\/it\/","name":"maxcampbox","description":"Camping Box pour vans am\u00e9nag\u00e9s","potentialAction":[{"@type":"SearchAction","target":{"@type":"EntryPoint","urlTemplate":"https:\/\/maxcampbox.com\/it\/?s={search_term_string}"},"query-input":{"@type":"PropertyValueSpecification","valueRequired":true,"valueName":"search_term_string"}}],"inLanguage":"it-IT"}]}},"_links":{"self":[{"href":"https:\/\/maxcampbox.com\/it\/wp-json\/wp\/v2\/product\/16190","targetHints":{"allow":["GET"]}}],"collection":[{"href":"https:\/\/maxcampbox.com\/it\/wp-json\/wp\/v2\/product"}],"about":[{"href":"https:\/\/maxcampbox.com\/it\/wp-json\/wp\/v2\/types\/product"}],"replies":[{"embeddable":true,"href":"https:\/\/maxcampbox.com\/it\/wp-json\/wp\/v2\/comments?post=16190"}],"wp:featuredmedia":[{"embeddable":true,"href":"https:\/\/maxcampbox.com\/it\/wp-json\/wp\/v2\/media\/11883"}],"wp:attachment":[{"href":"https:\/\/maxcampbox.com\/it\/wp-json\/wp\/v2\/media?parent=16190"}],"wp:term":[{"taxonomy":"product_brand","embeddable":true,"href":"https:\/\/maxcampbox.com\/it\/wp-json\/wp\/v2\/product_brand?post=16190"},{"taxonomy":"product_cat","embeddable":true,"href":"https:\/\/maxcampbox.com\/it\/wp-json\/wp\/v2\/product_cat?post=16190"},{"taxonomy":"product_tag","embeddable":true,"href":"https:\/\/maxcampbox.com\/it\/wp-json\/wp\/v2\/product_tag?post=16190"}],"curies":[{"name":"wp","href":"https:\/\/api.w.org\/{rel}","templated":true}]}}