{"id":12434,"date":"2025-01-16T10:17:30","date_gmt":"2025-01-16T10:17:30","guid":{"rendered":"https:\/\/maxcampbox.com\/produit\/tende-isolanti-occultanti-ford-tourneo-courier-i-2014-2023\/"},"modified":"2025-03-09T09:43:28","modified_gmt":"2025-03-09T09:43:28","slug":"tende-isolanti-occultanti-ford-tourneo-courier-i-2014-2023","status":"publish","type":"product","link":"https:\/\/maxcampbox.com\/it\/produit\/tende-isolanti-occultanti-ford-tourneo-courier-i-2014-2023\/","title":{"rendered":"Tende isolanti\/occultanti Ford Tourneo Courier I 2014-2023"},"content":{"rendered":"[vc_row type=&#8221;in_container&#8221; full_screen_row_position=&#8221;middle&#8221; column_margin=&#8221;default&#8221; column_direction=&#8221;default&#8221; column_direction_tablet=&#8221;default&#8221; column_direction_phone=&#8221;default&#8221; scene_position=&#8221;center&#8221; text_color=&#8221;dark&#8221; text_align=&#8221;left&#8221; row_border_radius=&#8221;none&#8221; row_border_radius_applies=&#8221;bg&#8221; overlay_strength=&#8221;0.3&#8243; gradient_direction=&#8221;left_to_right&#8221; shape_divider_position=&#8221;bottom&#8221; bg_image_animation=&#8221;none&#8221;][vc_column column_padding=&#8221;no-extra-padding&#8221; column_padding_tablet=&#8221;inherit&#8221; column_padding_phone=&#8221;inherit&#8221; column_padding_position=&#8221;all&#8221; column_element_spacing=&#8221;default&#8221; background_color_opacity=&#8221;1&#8243; background_hover_color_opacity=&#8221;1&#8243; column_shadow=&#8221;none&#8221; column_border_radius=&#8221;none&#8221; column_link_target=&#8221;_self&#8221; gradient_direction=&#8221;left_to_right&#8221; overlay_strength=&#8221;0.3&#8243; width=&#8221;1\/1&#8243; tablet_width_inherit=&#8221;default&#8221; tablet_text_alignment=&#8221;default&#8221; phone_text_alignment=&#8221;default&#8221; bg_image_animation=&#8221;none&#8221; border_type=&#8221;simple&#8221; column_border_width=&#8221;none&#8221; column_border_style=&#8221;solid&#8221;][vc_column_text]<strong>Perch\u00e9 scegliere la produzione di tende isolate?<\/strong><\/p>\n<p>Trovare la protezione isolante o la tenda interna perfetta per il tuo modello di veicolo a volte pu\u00f2 essere una sfida. Quando cerchi di acquistare una protezione isolante, spesso devi verificare la compatibilit\u00e0 con il modello specifico del tuo veicolo per il tempo libero, che sia un camper, un furgone o un van. <\/p>\n<p>\u00c8 qui che entra in gioco la possibilit\u00e0 di realizzare a mano le tue tende isolanti. Realizzando tende su misura, puoi essere certo della perfetta compatibilit\u00e0 con il tuo veicolo. Questo approccio personalizzato ti permette di rispondere con precisione alle dimensioni e alle specificit\u00e0 del tuo spazio, garantendoti un isolamento ottimale e una migliore gestione della luce all&#8217;interno del tuo veicolo.  <\/p>\n<h3><\/h3>\n<h3>Ford Tourneo Courier I 2014-2023 Isolamento termico Blackout, 9 strati realizzati con materiali di alta qualit\u00e0.<\/h3>\n<p>&nbsp;<\/p>\n<ul>\n<li><strong>Kit cabina<\/strong> (parabrezza anteriore, lato guida e lato passeggero).<\/li>\n<li><strong>Kit completo<\/strong> (parabrezza anteriore, lati del conducente e del passeggero, 2 lati della fila centrale, 2 lati dell&#8217;ultima fila di sedili e portellone posteriore o doppio portellone posteriore a seconda del modello).<\/li>\n<\/ul>\n<h4>Descrizione :<\/h4>\n<ul>\n<li>Ventose con dado grande \u00d850 e linguetta per una facile rimozione.<\/li>\n<li>Colore di rifinitura in base alla selezione.<\/li>\n<li>Occhielli in ottone nichelato, diametro interno \u00d8 6 mm.<\/li>\n<li>Coperchio con cerniera per riporre l&#8217;isolamento.<\/li>\n<\/ul>\n<p>Questo modello di ventosa con dado per l&#8217;isolamento termico di Renault Kangoo II 2007-2020 ti permette di rimuovere le tende senza dover togliere le ventose. Questo sistema \u00e8 molto pratico quando sei in movimento, perch\u00e9 quando vuoi posizionare le tende, queste sono gi\u00e0 nella posizione giusta. (\u00c8 consigliabile rimuoverle quando non vengono utilizzate per un certo periodo di tempo, in modo da non esporle permanentemente al sole e prolungarne la durata). Gli isolanti termici con ventosa sono ideali per le temperature estreme, in quanto riducono la temperatura all&#8217;interno del veicolo quando fa caldo e isolano l&#8217;interno del veicolo quando fa freddo. Oltre a isolare dal freddo e dal caldo, i nostri isolanti termici oscurano perfettamente l&#8217;abitacolo, prolungando le ore di riposo. La linguetta che integra la ventosa per una facile rimozione evita di danneggiare i vetri oscurati.<\/p>\n<p>Il nostro isolamento termico \u00e8 tagliato a controllo numerico. Garantiamo che tutte le parti dello stesso modello siano identiche, assicurando la geometria delle finestre per un adattamento ottimale e su misura. I nostri isolanti termici sono rifiniti con un rivestimento in polipropilene al 100% in due tonalit\u00e0 di grigio o nero, a seconda del modello scelto.<\/p>\n<h4>Composizione dell&#8217;isolamento :<\/h4>\n<ol>\n<li>Strato esterno &#8211; alluminio da 90 micron, anti-ultravioletto e antigraffio.<\/li>\n<li>Strato interno: polietilene espanso da 2 mm.<\/li>\n<li>Strato interno: pellicola di alluminio da 38 micron per l&#8217;isolamento.<\/li>\n<li>Strato interno: polietilene espanso da 2 mm.<\/li>\n<li>Strato interno: pellicola di alluminio da 38 micron.<\/li>\n<li>Strato interno: polietilene espanso da 2 mm.<\/li>\n<li>Strato interno: pellicola di alluminio da 38 micron.<\/li>\n<li>Strato interno &#8211; 75g\/m di ovatta anallergica per l&#8217;isolamento.<\/li>\n<li>Strato interno: 190 g di poliestere grigio.<\/li>\n<\/ol>\n<p>Tempo di produzione 1 &#8211; 3 settimane[\/vc_column_text][\/vc_column][\/vc_row]\n","protected":false},"excerpt":{"rendered":"<ul>\n<li>Ventose alte \u00d850mm. Con dado e linguetta per una facile rimozione. <\/li>\n<li>Bordo in 100% cotone<\/li>\n<li>Occhielli in ottone nichelato, diametro interno \u00d86mm.<\/li>\n<li>Copertura in polipropilene da 80 micron con cerniera per riporre l&#8217;isolamento.<\/li>\n<li>Tempo di produzione 1 &#8211; 3 settimane<\/li>\n<\/ul>\n","protected":false},"featured_media":11153,"comment_status":"open","ping_status":"closed","template":"","meta":{"_monsterinsights_skip_tracking":false,"_monsterinsights_sitenote_active":false,"_monsterinsights_sitenote_note":"","_monsterinsights_sitenote_category":0},"product_brand":[],"product_cat":[493],"product_tag":[],"class_list":{"0":"post-12434","1":"product","2":"type-product","3":"status-publish","4":"has-post-thumbnail","6":"product_cat-ford-tourneo-courier-i-2014-2023-it","8":"first","9":"instock","10":"taxable","11":"shipping-taxable","12":"purchasable","13":"product-type-variable","14":"has-default-attributes"},"yoast_head":"<!-- This site is optimized with the Yoast SEO plugin v27.4 - https:\/\/yoast.com\/product\/yoast-seo-wordpress\/ -->\n<title>Tende isolanti\/occultanti Ford Tourneo Courier I 2014-2023 - maxcampbox<\/title>\n<meta name=\"robots\" content=\"index, follow, max-snippet:-1, max-image-preview:large, max-video-preview:-1\" \/>\n<link rel=\"canonical\" href=\"https:\/\/maxcampbox.com\/it\/produit\/tende-isolanti-occultanti-ford-tourneo-courier-i-2014-2023\/\" \/>\n<meta property=\"og:locale\" content=\"it_IT\" \/>\n<meta property=\"og:type\" content=\"article\" \/>\n<meta property=\"og:title\" content=\"Tende isolanti\/occultanti Ford Tourneo Courier I 2014-2023 - maxcampbox\" \/>\n<meta property=\"og:description\" content=\"Ventose alte \u00d850mm. Con dado e linguetta per una facile rimozione.  Bordo in 100% cotone  Occhielli in ottone nichelato, diametro interno \u00d86mm.  Copertura in polipropilene da 80 micron con cerniera per riporre l&#039;isolamento.  Tempo di produzione 1 - 3 settimane\" \/>\n<meta property=\"og:url\" content=\"https:\/\/maxcampbox.com\/it\/produit\/tende-isolanti-occultanti-ford-tourneo-courier-i-2014-2023\/\" \/>\n<meta property=\"og:site_name\" content=\"maxcampbox\" \/>\n<meta property=\"article:modified_time\" content=\"2025-03-09T09:43:28+00:00\" \/>\n<meta property=\"og:image\" content=\"http:\/\/maxcampbox.com\/wp-content\/uploads\/2025\/01\/Ford-Tourneo-Courier-I-2014-2023-rideau-isolant-occultant.png\" \/>\n\t<meta property=\"og:image:width\" content=\"1080\" \/>\n\t<meta property=\"og:image:height\" content=\"1080\" \/>\n\t<meta property=\"og:image:type\" content=\"image\/png\" \/>\n<meta name=\"twitter:card\" content=\"summary_large_image\" \/>\n<meta name=\"twitter:label1\" content=\"Tempo di lettura stimato\" \/>\n\t<meta name=\"twitter:data1\" content=\"3 minuti\" \/>\n<script type=\"application\/ld+json\" class=\"yoast-schema-graph\">{\"@context\":\"https:\\\/\\\/schema.org\",\"@graph\":[{\"@type\":\"WebPage\",\"@id\":\"https:\\\/\\\/maxcampbox.com\\\/it\\\/produit\\\/tende-isolanti-occultanti-ford-tourneo-courier-i-2014-2023\\\/\",\"url\":\"https:\\\/\\\/maxcampbox.com\\\/it\\\/produit\\\/tende-isolanti-occultanti-ford-tourneo-courier-i-2014-2023\\\/\",\"name\":\"Tende isolanti\\\/occultanti Ford Tourneo Courier I 2014-2023 - maxcampbox\",\"isPartOf\":{\"@id\":\"https:\\\/\\\/maxcampbox.com\\\/it\\\/#website\"},\"primaryImageOfPage\":{\"@id\":\"https:\\\/\\\/maxcampbox.com\\\/it\\\/produit\\\/tende-isolanti-occultanti-ford-tourneo-courier-i-2014-2023\\\/#primaryimage\"},\"image\":{\"@id\":\"https:\\\/\\\/maxcampbox.com\\\/it\\\/produit\\\/tende-isolanti-occultanti-ford-tourneo-courier-i-2014-2023\\\/#primaryimage\"},\"thumbnailUrl\":\"https:\\\/\\\/maxcampbox.com\\\/wp-content\\\/uploads\\\/2025\\\/01\\\/Ford-Tourneo-Courier-I-2014-2023-rideau-isolant-occultant.png\",\"datePublished\":\"2025-01-16T10:17:30+00:00\",\"dateModified\":\"2025-03-09T09:43:28+00:00\",\"breadcrumb\":{\"@id\":\"https:\\\/\\\/maxcampbox.com\\\/it\\\/produit\\\/tende-isolanti-occultanti-ford-tourneo-courier-i-2014-2023\\\/#breadcrumb\"},\"inLanguage\":\"it-IT\",\"potentialAction\":[{\"@type\":\"ReadAction\",\"target\":[\"https:\\\/\\\/maxcampbox.com\\\/it\\\/produit\\\/tende-isolanti-occultanti-ford-tourneo-courier-i-2014-2023\\\/\"]}]},{\"@type\":\"ImageObject\",\"inLanguage\":\"it-IT\",\"@id\":\"https:\\\/\\\/maxcampbox.com\\\/it\\\/produit\\\/tende-isolanti-occultanti-ford-tourneo-courier-i-2014-2023\\\/#primaryimage\",\"url\":\"https:\\\/\\\/maxcampbox.com\\\/wp-content\\\/uploads\\\/2025\\\/01\\\/Ford-Tourneo-Courier-I-2014-2023-rideau-isolant-occultant.png\",\"contentUrl\":\"https:\\\/\\\/maxcampbox.com\\\/wp-content\\\/uploads\\\/2025\\\/01\\\/Ford-Tourneo-Courier-I-2014-2023-rideau-isolant-occultant.png\",\"width\":1080,\"height\":1080},{\"@type\":\"BreadcrumbList\",\"@id\":\"https:\\\/\\\/maxcampbox.com\\\/it\\\/produit\\\/tende-isolanti-occultanti-ford-tourneo-courier-i-2014-2023\\\/#breadcrumb\",\"itemListElement\":[{\"@type\":\"ListItem\",\"position\":1,\"name\":\"Accueil\",\"item\":\"https:\\\/\\\/maxcampbox.com\\\/it\\\/\"},{\"@type\":\"ListItem\",\"position\":2,\"name\":\"Negozio\",\"item\":\"https:\\\/\\\/maxcampbox.com\\\/it\\\/negozio\\\/\"},{\"@type\":\"ListItem\",\"position\":3,\"name\":\"Tende isolanti\\\/occultanti Ford Tourneo Courier I 2014-2023\"}]},{\"@type\":\"WebSite\",\"@id\":\"https:\\\/\\\/maxcampbox.com\\\/it\\\/#website\",\"url\":\"https:\\\/\\\/maxcampbox.com\\\/it\\\/\",\"name\":\"maxcampbox\",\"description\":\"Camping Box pour vans am\u00e9nag\u00e9s\",\"potentialAction\":[{\"@type\":\"SearchAction\",\"target\":{\"@type\":\"EntryPoint\",\"urlTemplate\":\"https:\\\/\\\/maxcampbox.com\\\/it\\\/?s={search_term_string}\"},\"query-input\":{\"@type\":\"PropertyValueSpecification\",\"valueRequired\":true,\"valueName\":\"search_term_string\"}}],\"inLanguage\":\"it-IT\"}]}<\/script>\n<!-- \/ Yoast SEO plugin. -->","yoast_head_json":{"title":"Tende isolanti\/occultanti Ford Tourneo Courier I 2014-2023 - maxcampbox","robots":{"index":"index","follow":"follow","max-snippet":"max-snippet:-1","max-image-preview":"max-image-preview:large","max-video-preview":"max-video-preview:-1"},"canonical":"https:\/\/maxcampbox.com\/it\/produit\/tende-isolanti-occultanti-ford-tourneo-courier-i-2014-2023\/","og_locale":"it_IT","og_type":"article","og_title":"Tende isolanti\/occultanti Ford Tourneo Courier I 2014-2023 - maxcampbox","og_description":"Ventose alte \u00d850mm. Con dado e linguetta per una facile rimozione.  Bordo in 100% cotone  Occhielli in ottone nichelato, diametro interno \u00d86mm.  Copertura in polipropilene da 80 micron con cerniera per riporre l'isolamento.  Tempo di produzione 1 - 3 settimane","og_url":"https:\/\/maxcampbox.com\/it\/produit\/tende-isolanti-occultanti-ford-tourneo-courier-i-2014-2023\/","og_site_name":"maxcampbox","article_modified_time":"2025-03-09T09:43:28+00:00","og_image":[{"width":1080,"height":1080,"url":"http:\/\/maxcampbox.com\/wp-content\/uploads\/2025\/01\/Ford-Tourneo-Courier-I-2014-2023-rideau-isolant-occultant.png","type":"image\/png"}],"twitter_card":"summary_large_image","twitter_misc":{"Tempo di lettura stimato":"3 minuti"},"schema":{"@context":"https:\/\/schema.org","@graph":[{"@type":"WebPage","@id":"https:\/\/maxcampbox.com\/it\/produit\/tende-isolanti-occultanti-ford-tourneo-courier-i-2014-2023\/","url":"https:\/\/maxcampbox.com\/it\/produit\/tende-isolanti-occultanti-ford-tourneo-courier-i-2014-2023\/","name":"Tende isolanti\/occultanti Ford Tourneo Courier I 2014-2023 - maxcampbox","isPartOf":{"@id":"https:\/\/maxcampbox.com\/it\/#website"},"primaryImageOfPage":{"@id":"https:\/\/maxcampbox.com\/it\/produit\/tende-isolanti-occultanti-ford-tourneo-courier-i-2014-2023\/#primaryimage"},"image":{"@id":"https:\/\/maxcampbox.com\/it\/produit\/tende-isolanti-occultanti-ford-tourneo-courier-i-2014-2023\/#primaryimage"},"thumbnailUrl":"https:\/\/maxcampbox.com\/wp-content\/uploads\/2025\/01\/Ford-Tourneo-Courier-I-2014-2023-rideau-isolant-occultant.png","datePublished":"2025-01-16T10:17:30+00:00","dateModified":"2025-03-09T09:43:28+00:00","breadcrumb":{"@id":"https:\/\/maxcampbox.com\/it\/produit\/tende-isolanti-occultanti-ford-tourneo-courier-i-2014-2023\/#breadcrumb"},"inLanguage":"it-IT","potentialAction":[{"@type":"ReadAction","target":["https:\/\/maxcampbox.com\/it\/produit\/tende-isolanti-occultanti-ford-tourneo-courier-i-2014-2023\/"]}]},{"@type":"ImageObject","inLanguage":"it-IT","@id":"https:\/\/maxcampbox.com\/it\/produit\/tende-isolanti-occultanti-ford-tourneo-courier-i-2014-2023\/#primaryimage","url":"https:\/\/maxcampbox.com\/wp-content\/uploads\/2025\/01\/Ford-Tourneo-Courier-I-2014-2023-rideau-isolant-occultant.png","contentUrl":"https:\/\/maxcampbox.com\/wp-content\/uploads\/2025\/01\/Ford-Tourneo-Courier-I-2014-2023-rideau-isolant-occultant.png","width":1080,"height":1080},{"@type":"BreadcrumbList","@id":"https:\/\/maxcampbox.com\/it\/produit\/tende-isolanti-occultanti-ford-tourneo-courier-i-2014-2023\/#breadcrumb","itemListElement":[{"@type":"ListItem","position":1,"name":"Accueil","item":"https:\/\/maxcampbox.com\/it\/"},{"@type":"ListItem","position":2,"name":"Negozio","item":"https:\/\/maxcampbox.com\/it\/negozio\/"},{"@type":"ListItem","position":3,"name":"Tende isolanti\/occultanti Ford Tourneo Courier I 2014-2023"}]},{"@type":"WebSite","@id":"https:\/\/maxcampbox.com\/it\/#website","url":"https:\/\/maxcampbox.com\/it\/","name":"maxcampbox","description":"Camping Box pour vans am\u00e9nag\u00e9s","potentialAction":[{"@type":"SearchAction","target":{"@type":"EntryPoint","urlTemplate":"https:\/\/maxcampbox.com\/it\/?s={search_term_string}"},"query-input":{"@type":"PropertyValueSpecification","valueRequired":true,"valueName":"search_term_string"}}],"inLanguage":"it-IT"}]}},"_links":{"self":[{"href":"https:\/\/maxcampbox.com\/it\/wp-json\/wp\/v2\/product\/12434","targetHints":{"allow":["GET"]}}],"collection":[{"href":"https:\/\/maxcampbox.com\/it\/wp-json\/wp\/v2\/product"}],"about":[{"href":"https:\/\/maxcampbox.com\/it\/wp-json\/wp\/v2\/types\/product"}],"replies":[{"embeddable":true,"href":"https:\/\/maxcampbox.com\/it\/wp-json\/wp\/v2\/comments?post=12434"}],"wp:featuredmedia":[{"embeddable":true,"href":"https:\/\/maxcampbox.com\/it\/wp-json\/wp\/v2\/media\/11153"}],"wp:attachment":[{"href":"https:\/\/maxcampbox.com\/it\/wp-json\/wp\/v2\/media?parent=12434"}],"wp:term":[{"taxonomy":"product_brand","embeddable":true,"href":"https:\/\/maxcampbox.com\/it\/wp-json\/wp\/v2\/product_brand?post=12434"},{"taxonomy":"product_cat","embeddable":true,"href":"https:\/\/maxcampbox.com\/it\/wp-json\/wp\/v2\/product_cat?post=12434"},{"taxonomy":"product_tag","embeddable":true,"href":"https:\/\/maxcampbox.com\/it\/wp-json\/wp\/v2\/product_tag?post=12434"}],"curies":[{"name":"wp","href":"https:\/\/api.w.org\/{rel}","templated":true}]}}