{"id":16991,"date":"2025-05-19T13:27:53","date_gmt":"2025-05-19T13:27:53","guid":{"rendered":"https:\/\/maxcampbox.com\/?post_type=product&#038;p=16991"},"modified":"2025-05-20T08:46:03","modified_gmt":"2025-05-20T08:46:03","slug":"moustiquaires-citroen-berlingo-ii-2008-2018","status":"publish","type":"product","link":"https:\/\/maxcampbox.com\/de\/produit\/moustiquaires-citroen-berlingo-ii-2008-2018\/","title":{"rendered":"Moustiquaires Citro\u00ebn Berlingo II 2008-2018"},"content":{"rendered":"[vc_row type=&#8220;in_container&#8220; full_screen_row_position=&#8220;middle&#8220; column_margin=&#8220;default&#8220; column_direction=&#8220;default&#8220; column_direction_tablet=&#8220;default&#8220; column_direction_phone=&#8220;default&#8220; scene_position=&#8220;center&#8220; text_color=&#8220;dark&#8220; text_align=&#8220;left&#8220; row_border_radius=&#8220;none&#8220; row_border_radius_applies=&#8220;bg&#8220; overlay_strength=&#8220;0.3&#8243; gradient_direction=&#8220;left_to_right&#8220; shape_divider_position=&#8220;bottom&#8220; bg_image_animation=&#8220;none&#8220;][vc_column column_padding=&#8220;no-extra-padding&#8220; column_padding_tablet=&#8220;inherit&#8220; column_padding_phone=&#8220;inherit&#8220; column_padding_position=&#8220;all&#8220; column_element_spacing=&#8220;default&#8220; background_color_opacity=&#8220;1&#8243; background_hover_color_opacity=&#8220;1&#8243; column_shadow=&#8220;none&#8220; column_border_radius=&#8220;none&#8220; column_link_target=&#8220;_self&#8220; gradient_direction=&#8220;left_to_right&#8220; overlay_strength=&#8220;0.3&#8243; width=&#8220;1\/1&#8243; tablet_width_inherit=&#8220;default&#8220; tablet_text_alignment=&#8220;default&#8220; phone_text_alignment=&#8220;default&#8220; bg_image_animation=&#8220;none&#8220; border_type=&#8220;simple&#8220; column_border_width=&#8220;none&#8220; column_border_style=&#8220;solid&#8220;][vc_column_text]\n<h1>Moustiquaires Berlingo II \u2013 Partner II 2008-2018<\/h1>\n<p>&nbsp;<\/p>\n<p><strong>Moustiquaire pour les vitres avant de Berlingo II et Partner II 2008-2018,<\/strong> r\u00e9alis\u00e9e avec la g\u00e9om\u00e9trie adapt\u00e9e \u00e0 ce mod\u00e8le de fourgon, en utilisant un tissu moustiquaire de haute qualit\u00e9.<\/p>\n<p>Ourl\u00e9 sur tout le p\u00e9rim\u00e8tre pour obtenir une bonne finition tout en \u00e9vitant les d\u00e9chirures sur les c\u00f4t\u00e9s.<\/p>\n<p><strong>Des aimants<\/strong> sont plac\u00e9s sur tout le p\u00e9rim\u00e8tre, \u00e0 l&#8217;exception du bas de la garniture, pour une adh\u00e9rence parfaite sur la partie m\u00e9tallique pr\u00e9cise de la fen\u00eatre. Les aimants sont compl\u00e8tement cach\u00e9s \u00e0 l&#8217;int\u00e9rieur de la garniture.<\/p>\n<p>Ces moustiquaires pour Berlingo II 2008-2018 permettent une excellente ventilation \u00e0 l&#8217;int\u00e9rieur du v\u00e9hicule. La fen\u00eatre peut \u00eatre ouverte partiellement ou totalement sans avoir \u00e0 retirer l&#8217;\u00e9cran. Cela emp\u00eache les moustiques et autres insectes g\u00eanants d&#8217;entrer, vous permettant de dormir paisiblement sans les piq\u00fbres g\u00eanantes de moustiques et d&#8217;insectes.<\/p>\n<p><a href=\"https:\/\/maxcampbox.com\/produit\/rideaux-isolant-occultant-citroen-berlingo-ii-2008-2018\/\" target=\"_blank\" rel=\"noopener\">Ajoutez le kit d&#8217;isolation thermique<\/a> \u00e0 votre achat pour vous prot\u00e9ger de la chaleur et du froid, assombrir l&#8217;habitacle pour un meilleur sommeil et \u00e9viter les regards indiscrets.<\/p>\n<p>Fourniture :<br \/>\n2 moustiquaires pour les vitres conducteur et passager.<br \/>\n1 sac pour ranger les moustiquaires.<\/p>\n<p>Composition moustiquaire :<br \/>\n100% Polyester 35 gr\/m2 + 5%<br \/>\nPolyester bordure.<br \/>\nAimants en n\u00e9odyme<\/p>\n<p>Caract\u00e9ristiques du tissu :<br \/>\nR\u00e9sistance \u00e0 la lumi\u00e8re : 6<br \/>\nR\u00e9sistance \u00e0 la transpiration : 4-5<br \/>\nR\u00e9sistance au lavage \u00e0 l&#8217;eau \u00e0 30\u00b0C : 4-5<br \/>\nR\u00e9sistance au repassage : 4-5<\/p>\n<p>Propri\u00e9t\u00e9s :<br \/>\nHydrofuge<br \/>\nHydrophile<br \/>\nAntibact\u00e9rien<br \/>\nProtection UV<br \/>\nIgnifuge[\/vc_column_text][\/vc_column][\/vc_row]\n","protected":false},"excerpt":{"rendered":"<ul>\n<li>2 moustiquaires pour les vitres conducteur et passager<\/li>\n<li>1 sac de rangement<\/li>\n<li>Installation avec aimants<\/li>\n<li>D\u00e9lai 1 &#8211; 3 semaines<\/li>\n<\/ul>\n","protected":false},"featured_media":17004,"comment_status":"open","ping_status":"closed","template":"","meta":{"_monsterinsights_skip_tracking":false,"_monsterinsights_sitenote_active":false,"_monsterinsights_sitenote_note":"","_monsterinsights_sitenote_category":0},"product_brand":[],"product_cat":[763,764],"product_tag":[],"class_list":{"0":"post-16991","1":"product","2":"type-product","3":"status-publish","4":"has-post-thumbnail","6":"product_cat-moustiquaires","7":"product_cat-moustiquaires-citroen-berlingo-ii-2008-2018","8":"product_shipping_class-moustiquaires","10":"first","11":"instock","12":"taxable","13":"shipping-taxable","14":"purchasable","15":"product-type-simple"},"yoast_head":"<!-- This site is optimized with the Yoast SEO plugin v27.3 - https:\/\/yoast.com\/product\/yoast-seo-wordpress\/ -->\n<title>Moustiquaires Citro\u00ebn Berlingo II 2008-2018 - maxcampbox<\/title>\n<meta name=\"robots\" content=\"index, follow, max-snippet:-1, max-image-preview:large, max-video-preview:-1\" \/>\n<link rel=\"canonical\" href=\"https:\/\/maxcampbox.com\/de\/produit\/moustiquaires-citroen-berlingo-ii-2008-2018\/\" \/>\n<meta property=\"og:locale\" content=\"de_DE\" \/>\n<meta property=\"og:type\" content=\"article\" \/>\n<meta property=\"og:title\" content=\"Moustiquaires Citro\u00ebn Berlingo II 2008-2018 - maxcampbox\" \/>\n<meta property=\"og:description\" content=\"2 moustiquaires pour les vitres conducteur et passager  1 sac de rangement  Installation avec aimants  D\u00e9lai 1 - 3 semaines\" \/>\n<meta property=\"og:url\" content=\"https:\/\/maxcampbox.com\/de\/produit\/moustiquaires-citroen-berlingo-ii-2008-2018\/\" \/>\n<meta property=\"og:site_name\" content=\"maxcampbox\" \/>\n<meta property=\"article:modified_time\" content=\"2025-05-20T08:46:03+00:00\" \/>\n<meta property=\"og:image\" content=\"http:\/\/maxcampbox.com\/wp-content\/uploads\/2025\/05\/Moustiquaire-Citroen-Berlingo-II-2008-2018-van-amenage-conducteur-passager-vitre-cabine.png\" \/>\n\t<meta property=\"og:image:width\" content=\"1080\" \/>\n\t<meta property=\"og:image:height\" content=\"1080\" \/>\n\t<meta property=\"og:image:type\" content=\"image\/png\" \/>\n<meta name=\"twitter:card\" content=\"summary_large_image\" \/>\n<meta name=\"twitter:label1\" content=\"Gesch\u00e4tzte Lesezeit\" \/>\n\t<meta name=\"twitter:data1\" content=\"2\u00a0Minuten\" \/>\n<script type=\"application\/ld+json\" class=\"yoast-schema-graph\">{\"@context\":\"https:\\\/\\\/schema.org\",\"@graph\":[{\"@type\":\"WebPage\",\"@id\":\"https:\\\/\\\/maxcampbox.com\\\/de\\\/produit\\\/moustiquaires-citroen-berlingo-ii-2008-2018\\\/\",\"url\":\"https:\\\/\\\/maxcampbox.com\\\/de\\\/produit\\\/moustiquaires-citroen-berlingo-ii-2008-2018\\\/\",\"name\":\"Moustiquaires Citro\u00ebn Berlingo II 2008-2018 - maxcampbox\",\"isPartOf\":{\"@id\":\"https:\\\/\\\/maxcampbox.com\\\/de\\\/#website\"},\"primaryImageOfPage\":{\"@id\":\"https:\\\/\\\/maxcampbox.com\\\/de\\\/produit\\\/moustiquaires-citroen-berlingo-ii-2008-2018\\\/#primaryimage\"},\"image\":{\"@id\":\"https:\\\/\\\/maxcampbox.com\\\/de\\\/produit\\\/moustiquaires-citroen-berlingo-ii-2008-2018\\\/#primaryimage\"},\"thumbnailUrl\":\"https:\\\/\\\/maxcampbox.com\\\/wp-content\\\/uploads\\\/2025\\\/05\\\/Moustiquaire-Citroen-Berlingo-II-2008-2018-van-amenage-conducteur-passager-vitre-cabine.png\",\"datePublished\":\"2025-05-19T13:27:53+00:00\",\"dateModified\":\"2025-05-20T08:46:03+00:00\",\"breadcrumb\":{\"@id\":\"https:\\\/\\\/maxcampbox.com\\\/de\\\/produit\\\/moustiquaires-citroen-berlingo-ii-2008-2018\\\/#breadcrumb\"},\"inLanguage\":\"de\",\"potentialAction\":[{\"@type\":\"ReadAction\",\"target\":[\"https:\\\/\\\/maxcampbox.com\\\/de\\\/produit\\\/moustiquaires-citroen-berlingo-ii-2008-2018\\\/\"]}]},{\"@type\":\"ImageObject\",\"inLanguage\":\"de\",\"@id\":\"https:\\\/\\\/maxcampbox.com\\\/de\\\/produit\\\/moustiquaires-citroen-berlingo-ii-2008-2018\\\/#primaryimage\",\"url\":\"https:\\\/\\\/maxcampbox.com\\\/wp-content\\\/uploads\\\/2025\\\/05\\\/Moustiquaire-Citroen-Berlingo-II-2008-2018-van-amenage-conducteur-passager-vitre-cabine.png\",\"contentUrl\":\"https:\\\/\\\/maxcampbox.com\\\/wp-content\\\/uploads\\\/2025\\\/05\\\/Moustiquaire-Citroen-Berlingo-II-2008-2018-van-amenage-conducteur-passager-vitre-cabine.png\",\"width\":1080,\"height\":1080},{\"@type\":\"BreadcrumbList\",\"@id\":\"https:\\\/\\\/maxcampbox.com\\\/de\\\/produit\\\/moustiquaires-citroen-berlingo-ii-2008-2018\\\/#breadcrumb\",\"itemListElement\":[{\"@type\":\"ListItem\",\"position\":1,\"name\":\"Accueil\",\"item\":\"https:\\\/\\\/maxcampbox.com\\\/de\\\/\"},{\"@type\":\"ListItem\",\"position\":2,\"name\":\"Shop\",\"item\":\"https:\\\/\\\/maxcampbox.com\\\/de\\\/shop\\\/\"},{\"@type\":\"ListItem\",\"position\":3,\"name\":\"Moustiquaires Citro\u00ebn Berlingo II 2008-2018\"}]},{\"@type\":\"WebSite\",\"@id\":\"https:\\\/\\\/maxcampbox.com\\\/de\\\/#website\",\"url\":\"https:\\\/\\\/maxcampbox.com\\\/de\\\/\",\"name\":\"maxcampbox\",\"description\":\"Camping Box pour vans am\u00e9nag\u00e9s\",\"potentialAction\":[{\"@type\":\"SearchAction\",\"target\":{\"@type\":\"EntryPoint\",\"urlTemplate\":\"https:\\\/\\\/maxcampbox.com\\\/de\\\/?s={search_term_string}\"},\"query-input\":{\"@type\":\"PropertyValueSpecification\",\"valueRequired\":true,\"valueName\":\"search_term_string\"}}],\"inLanguage\":\"de\"}]}<\/script>\n<!-- \/ Yoast SEO plugin. -->","yoast_head_json":{"title":"Moustiquaires Citro\u00ebn Berlingo II 2008-2018 - maxcampbox","robots":{"index":"index","follow":"follow","max-snippet":"max-snippet:-1","max-image-preview":"max-image-preview:large","max-video-preview":"max-video-preview:-1"},"canonical":"https:\/\/maxcampbox.com\/de\/produit\/moustiquaires-citroen-berlingo-ii-2008-2018\/","og_locale":"de_DE","og_type":"article","og_title":"Moustiquaires Citro\u00ebn Berlingo II 2008-2018 - maxcampbox","og_description":"2 moustiquaires pour les vitres conducteur et passager  1 sac de rangement  Installation avec aimants  D\u00e9lai 1 - 3 semaines","og_url":"https:\/\/maxcampbox.com\/de\/produit\/moustiquaires-citroen-berlingo-ii-2008-2018\/","og_site_name":"maxcampbox","article_modified_time":"2025-05-20T08:46:03+00:00","og_image":[{"width":1080,"height":1080,"url":"http:\/\/maxcampbox.com\/wp-content\/uploads\/2025\/05\/Moustiquaire-Citroen-Berlingo-II-2008-2018-van-amenage-conducteur-passager-vitre-cabine.png","type":"image\/png"}],"twitter_card":"summary_large_image","twitter_misc":{"Gesch\u00e4tzte Lesezeit":"2\u00a0Minuten"},"schema":{"@context":"https:\/\/schema.org","@graph":[{"@type":"WebPage","@id":"https:\/\/maxcampbox.com\/de\/produit\/moustiquaires-citroen-berlingo-ii-2008-2018\/","url":"https:\/\/maxcampbox.com\/de\/produit\/moustiquaires-citroen-berlingo-ii-2008-2018\/","name":"Moustiquaires Citro\u00ebn Berlingo II 2008-2018 - maxcampbox","isPartOf":{"@id":"https:\/\/maxcampbox.com\/de\/#website"},"primaryImageOfPage":{"@id":"https:\/\/maxcampbox.com\/de\/produit\/moustiquaires-citroen-berlingo-ii-2008-2018\/#primaryimage"},"image":{"@id":"https:\/\/maxcampbox.com\/de\/produit\/moustiquaires-citroen-berlingo-ii-2008-2018\/#primaryimage"},"thumbnailUrl":"https:\/\/maxcampbox.com\/wp-content\/uploads\/2025\/05\/Moustiquaire-Citroen-Berlingo-II-2008-2018-van-amenage-conducteur-passager-vitre-cabine.png","datePublished":"2025-05-19T13:27:53+00:00","dateModified":"2025-05-20T08:46:03+00:00","breadcrumb":{"@id":"https:\/\/maxcampbox.com\/de\/produit\/moustiquaires-citroen-berlingo-ii-2008-2018\/#breadcrumb"},"inLanguage":"de","potentialAction":[{"@type":"ReadAction","target":["https:\/\/maxcampbox.com\/de\/produit\/moustiquaires-citroen-berlingo-ii-2008-2018\/"]}]},{"@type":"ImageObject","inLanguage":"de","@id":"https:\/\/maxcampbox.com\/de\/produit\/moustiquaires-citroen-berlingo-ii-2008-2018\/#primaryimage","url":"https:\/\/maxcampbox.com\/wp-content\/uploads\/2025\/05\/Moustiquaire-Citroen-Berlingo-II-2008-2018-van-amenage-conducteur-passager-vitre-cabine.png","contentUrl":"https:\/\/maxcampbox.com\/wp-content\/uploads\/2025\/05\/Moustiquaire-Citroen-Berlingo-II-2008-2018-van-amenage-conducteur-passager-vitre-cabine.png","width":1080,"height":1080},{"@type":"BreadcrumbList","@id":"https:\/\/maxcampbox.com\/de\/produit\/moustiquaires-citroen-berlingo-ii-2008-2018\/#breadcrumb","itemListElement":[{"@type":"ListItem","position":1,"name":"Accueil","item":"https:\/\/maxcampbox.com\/de\/"},{"@type":"ListItem","position":2,"name":"Shop","item":"https:\/\/maxcampbox.com\/de\/shop\/"},{"@type":"ListItem","position":3,"name":"Moustiquaires Citro\u00ebn Berlingo II 2008-2018"}]},{"@type":"WebSite","@id":"https:\/\/maxcampbox.com\/de\/#website","url":"https:\/\/maxcampbox.com\/de\/","name":"maxcampbox","description":"Camping Box pour vans am\u00e9nag\u00e9s","potentialAction":[{"@type":"SearchAction","target":{"@type":"EntryPoint","urlTemplate":"https:\/\/maxcampbox.com\/de\/?s={search_term_string}"},"query-input":{"@type":"PropertyValueSpecification","valueRequired":true,"valueName":"search_term_string"}}],"inLanguage":"de"}]}},"_links":{"self":[{"href":"https:\/\/maxcampbox.com\/de\/wp-json\/wp\/v2\/product\/16991","targetHints":{"allow":["GET"]}}],"collection":[{"href":"https:\/\/maxcampbox.com\/de\/wp-json\/wp\/v2\/product"}],"about":[{"href":"https:\/\/maxcampbox.com\/de\/wp-json\/wp\/v2\/types\/product"}],"replies":[{"embeddable":true,"href":"https:\/\/maxcampbox.com\/de\/wp-json\/wp\/v2\/comments?post=16991"}],"wp:featuredmedia":[{"embeddable":true,"href":"https:\/\/maxcampbox.com\/de\/wp-json\/wp\/v2\/media\/17004"}],"wp:attachment":[{"href":"https:\/\/maxcampbox.com\/de\/wp-json\/wp\/v2\/media?parent=16991"}],"wp:term":[{"taxonomy":"product_brand","embeddable":true,"href":"https:\/\/maxcampbox.com\/de\/wp-json\/wp\/v2\/product_brand?post=16991"},{"taxonomy":"product_cat","embeddable":true,"href":"https:\/\/maxcampbox.com\/de\/wp-json\/wp\/v2\/product_cat?post=16991"},{"taxonomy":"product_tag","embeddable":true,"href":"https:\/\/maxcampbox.com\/de\/wp-json\/wp\/v2\/product_tag?post=16991"}],"curies":[{"name":"wp","href":"https:\/\/api.w.org\/{rel}","templated":true}]}}