{"id":14218,"date":"2024-09-21T11:45:58","date_gmt":"2024-09-21T11:45:58","guid":{"rendered":"https:\/\/maxcampbox.com\/produit\/isolierender-vorhang-verkleidung-volkswagen-t4-multivan-lang-1990-2004\/"},"modified":"2025-04-24T17:55:15","modified_gmt":"2025-04-24T17:55:15","slug":"isolierender-vorhang-verkleidung-volkswagen-t4-multivan-lang-1990-2004","status":"publish","type":"product","link":"https:\/\/maxcampbox.com\/de\/produit\/isolierender-vorhang-verkleidung-volkswagen-t4-multivan-lang-1990-2004\/","title":{"rendered":"Isolierender Vorhang\/Verkleidung Volkswagen T4 Multivan Lang 1990-2004"},"content":{"rendered":"[vc_row type=&#8220;in_container&#8220; full_screen_row_position=&#8220;middle&#8220; column_margin=&#8220;default&#8220; column_direction=&#8220;default&#8220; column_direction_tablet=&#8220;default&#8220; column_direction_phone=&#8220;default&#8220; scene_position=&#8220;center&#8220; text_color=&#8220;dark&#8220; text_align=&#8220;left&#8220; row_border_radius=&#8220;none&#8220; row_border_radius_applies=&#8220;bg&#8220; overlay_strength=&#8220;0.3&#8243; gradient_direction=&#8220;left_to_right&#8220; shape_divider_position=&#8220;bottom&#8220; bg_image_animation=&#8220;none&#8220;][vc_column column_padding=&#8220;no-extra-padding&#8220; column_padding_tablet=&#8220;inherit&#8220; column_padding_phone=&#8220;inherit&#8220; column_padding_position=&#8220;all&#8220; column_element_spacing=&#8220;default&#8220; background_color_opacity=&#8220;1&#8243; background_hover_color_opacity=&#8220;1&#8243; column_shadow=&#8220;none&#8220; column_border_radius=&#8220;none&#8220; column_link_target=&#8220;_self&#8220; gradient_direction=&#8220;left_to_right&#8220; overlay_strength=&#8220;0.3&#8243; width=&#8220;1\/1&#8243; tablet_width_inherit=&#8220;default&#8220; tablet_text_alignment=&#8220;default&#8220; phone_text_alignment=&#8220;default&#8220; bg_image_animation=&#8220;none&#8220; border_type=&#8220;simple&#8220; column_border_width=&#8220;none&#8220; column_border_style=&#8220;solid&#8220;][vc_column_text]<span style=\"color: #000000;\"><strong>Warum sollten Sie sich f\u00fcr die Herstellung von isolierenden Vorh\u00e4ngen entscheiden?<\/strong><\/span><\/p>\n<p><span style=\"color: #000000;\">Es kann manchmal eine Herausforderung sein, die richtige isothermische Klappe oder den richtigen Innenvorhang f\u00fcr Ihr Fahrzeugmodell zu finden. Bei der Suche nach einem isolierenden Schutz sind Sie oft mit der Notwendigkeit konfrontiert, die Kompatibilit\u00e4t mit dem spezifischen Modell Ihres Freizeitfahrzeugs, sei es ein Wohnmobil, ein Kastenwagen oder ein Lieferwagen, zu \u00fcberpr\u00fcfen. <\/span><\/p>\n<p><span style=\"color: #000000;\">Hier kommt die handwerkliche Herstellung Ihrer eigenen isolierenden Vorh\u00e4nge ins Spiel. Durch die Anfertigung von Vorh\u00e4ngen nach Ma\u00df k\u00f6nnen Sie sicher sein, dass diese perfekt zu Ihrem Fahrzeug passen. Dieser individuelle Ansatz erm\u00f6glicht es Ihnen, genau auf die Gr\u00f6\u00dfe und die Besonderheiten Ihres Raumes einzugehen, wodurch eine optimale Isolierung und ein besseres Lichtmanagement in Ihrem Fahrzeug gew\u00e4hrleistet werden.  <\/span><\/p>\n<p>&nbsp;<\/p>\n<h3>Volkswagen T4 Multivan Long 1990-2004 Verdunkelnde W\u00e4rmed\u00e4mmung, 9 Schichten, die aus hochwertigen Materialien hergestellt werden.<\/h3>\n<p>&nbsp;<\/p>\n<ul>\n<li><strong>Kabinenkit<\/strong> (Windschutzscheibe vorne, Fahrer- und Beifahrerseite).<\/li>\n<li><strong>Kompletter Satz<\/strong> (Frontscheibe, Fahrer- und Beifahrerseite, 2 Seiten der mittleren Sitzreihe, 2 Seiten der letzten Sitzreihe und Heckklappe oder doppelte Heckt\u00fcr je nach Modell).<\/li>\n<\/ul>\n<h4>Beschreibung :<\/h4>\n<ul>\n<li>Saugn\u00e4pfe mit gro\u00dfer Mutter \u00d850 mit Lasche zum leichten Entfernen.<\/li>\n<li>Farbe der Polsterung nach Wahl.<\/li>\n<li>\u00d6sen aus vernickeltem Messing, Innendurchmesser \u00d8 6mm.<\/li>\n<li>Tasche mit Rei\u00dfverschluss zur Aufbewahrung der Isolierung.<\/li>\n<\/ul>\n<p>Mit diesem Modell der Saugn\u00e4pfe mit Mutter f\u00fcr die W\u00e4rmeisolierung des Renault Kangoo II 2007-2020 k\u00f6nnen Sie die Rollos entfernen, ohne die Saugn\u00e4pfe entfernen zu m\u00fcssen. Dieses System ist sehr praktisch, wenn Sie unterwegs sind, denn wenn Sie die Jalousien anbringen m\u00f6chten, haben sie bereits ihre richtige Position. (Es ist ratsam, die Rollos zu entfernen, wenn sie eine Weile nicht benutzt werden, damit sie nicht st\u00e4ndig der Sonne ausgesetzt sind und so ihre Lebensdauer verl\u00e4ngert wird).  <\/p>\n<p>W\u00e4rmeisolierungen mit Saugn\u00e4pfen sind ideal f\u00fcr extreme Temperaturen, da sie bei Hitze die Temperatur im Fahrzeuginneren senken und bei K\u00e4lte das Innere des Fahrzeugs isolieren. Neben der Isolierung gegen K\u00e4lte und Hitze verdunkeln unsere W\u00e4rmeisolatoren den Innenraum perfekt und verl\u00e4ngern so die Ruhezeiten. <\/p>\n<p>Die Lasche, in die der Saugnapf integriert ist, um ihn leicht entfernen zu k\u00f6nnen, verhindert Sch\u00e4den an get\u00f6nten Scheiben.<\/p>\n<p>Unsere W\u00e4rmeisolierungen werden CNC-gesteuert zugeschnitten. Wir garantieren, dass alle Teile desselben Modells identisch sind und gew\u00e4hrleisten die Geometrie der Fenster f\u00fcr eine optimale und ma\u00dfgeschneiderte Passform. Unsere W\u00e4rmed\u00e4mmungen werden mit einer F\u00fcllung aus 100% Polypropylen in zwei Schattierungen von Grau oder Schwarz verarbeitet, je nach gew\u00e4hltem Modell.  <\/p>\n<h4>Zusammensetzung der Isolierung :<\/h4>\n<ol>\n<li>Au\u00dfenschicht &#8211; Aluminium 90 Mikron, UV-best\u00e4ndig und kratzfest.<\/li>\n<li>Innenschicht &#8211; Expandiertes Polyethylen 2mm.<\/li>\n<li>Innenschicht &#8211; Aluminiumfolie 38 Mikron, zur Isolierung.<\/li>\n<li>Innenschicht &#8211; Expandiertes Polyethylen 2mm.<\/li>\n<li>Innenschicht &#8211; 38 Mikron Aluminiumfolie.<\/li>\n<li>Innenschicht &#8211; Expandiertes Polyethylen 2mm.<\/li>\n<li>Innenschicht &#8211; 38 Mikron Aluminiumfolie.<\/li>\n<li>Innenschicht &#8211; Antiallergische Watte 75 gr\/m f\u00fcr die Isolierung.<\/li>\n<li>Innenschicht &#8211; 190 g Polyester, Farbe grau.<\/li>\n<\/ol>\n<p>Produktionszeit 1 &#8211; 3 Wochen[\/vc_column_text][\/vc_column][\/vc_row]\n","protected":false},"excerpt":{"rendered":"<ul>\n<li>Saugn\u00e4pfe mit hoher Saugkraft \u00d850mm. Mit Mutter und Lasche zum einfachen Entfernen. <\/li>\n<li>Rand aus 100% Baumwolle<\/li>\n<li>\u00d6sen aus vernickeltem Messing, Innendurchmesser \u00d86mm.<\/li>\n<li>80 Mikron Polypropylenh\u00fclle mit Rei\u00dfverschluss zur Aufbewahrung von Isolierungen.<\/li>\n<li>Produktionszeit 1 &#8211; 3 Wochen<\/li>\n<\/ul>\n","protected":false},"featured_media":11828,"comment_status":"open","ping_status":"closed","template":"","meta":{"_monsterinsights_skip_tracking":false,"_monsterinsights_sitenote_active":false,"_monsterinsights_sitenote_note":"","_monsterinsights_sitenote_category":0},"product_brand":[],"product_cat":[663,559],"product_tag":[],"class_list":{"0":"post-14218","1":"product","2":"type-product","3":"status-publish","4":"has-post-thumbnail","6":"product_cat-t4-multivan-lang-1990-2004","7":"product_cat-volkswagen-de","9":"first","10":"instock","11":"sold-individually","12":"taxable","13":"shipping-taxable","14":"purchasable","15":"product-type-variable","16":"has-default-attributes"},"yoast_head":"<!-- This site is optimized with the Yoast SEO plugin v27.4 - https:\/\/yoast.com\/product\/yoast-seo-wordpress\/ -->\n<title>Isolierender Vorhang\/Verkleidung Volkswagen T4 Multivan Lang 1990-2004 - maxcampbox<\/title>\n<meta name=\"description\" content=\"Es kann manchmal eine Herausforderung sein, die richtige isothermische Klappe oder den richtigen Innenvorhang f\u00fcr Ihr Fahrzeugmodell zu finden.\" \/>\n<meta name=\"robots\" content=\"index, follow, max-snippet:-1, max-image-preview:large, max-video-preview:-1\" \/>\n<link rel=\"canonical\" href=\"https:\/\/maxcampbox.com\/de\/produit\/isolierender-vorhang-verkleidung-volkswagen-t4-multivan-lang-1990-2004\/\" \/>\n<meta property=\"og:locale\" content=\"de_DE\" \/>\n<meta property=\"og:type\" content=\"article\" \/>\n<meta property=\"og:title\" content=\"Isolierender Vorhang\/Verkleidung Volkswagen T4 Multivan Lang 1990-2004 - maxcampbox\" \/>\n<meta property=\"og:description\" content=\"Es kann manchmal eine Herausforderung sein, die richtige isothermische Klappe oder den richtigen Innenvorhang f\u00fcr Ihr Fahrzeugmodell zu finden.\" \/>\n<meta property=\"og:url\" content=\"https:\/\/maxcampbox.com\/de\/produit\/isolierender-vorhang-verkleidung-volkswagen-t4-multivan-lang-1990-2004\/\" \/>\n<meta property=\"og:site_name\" content=\"maxcampbox\" \/>\n<meta property=\"article:modified_time\" content=\"2025-04-24T17:55:15+00:00\" \/>\n<meta property=\"og:image\" content=\"https:\/\/maxcampbox.com\/wp-content\/uploads\/2024\/09\/Volkswagen-T4-Multivan-Long-1990-2004.png\" \/>\n\t<meta property=\"og:image:width\" content=\"1080\" \/>\n\t<meta property=\"og:image:height\" content=\"1080\" \/>\n\t<meta property=\"og:image:type\" content=\"image\/png\" \/>\n<meta name=\"twitter:card\" content=\"summary_large_image\" \/>\n<meta name=\"twitter:label1\" content=\"Gesch\u00e4tzte Lesezeit\" \/>\n\t<meta name=\"twitter:data1\" content=\"3\u00a0Minuten\" \/>\n<script type=\"application\/ld+json\" class=\"yoast-schema-graph\">{\"@context\":\"https:\\\/\\\/schema.org\",\"@graph\":[{\"@type\":\"WebPage\",\"@id\":\"https:\\\/\\\/maxcampbox.com\\\/de\\\/produit\\\/isolierender-vorhang-verkleidung-volkswagen-t4-multivan-lang-1990-2004\\\/\",\"url\":\"https:\\\/\\\/maxcampbox.com\\\/de\\\/produit\\\/isolierender-vorhang-verkleidung-volkswagen-t4-multivan-lang-1990-2004\\\/\",\"name\":\"Isolierender Vorhang\\\/Verkleidung Volkswagen T4 Multivan Lang 1990-2004 - maxcampbox\",\"isPartOf\":{\"@id\":\"https:\\\/\\\/maxcampbox.com\\\/de\\\/#website\"},\"primaryImageOfPage\":{\"@id\":\"https:\\\/\\\/maxcampbox.com\\\/de\\\/produit\\\/isolierender-vorhang-verkleidung-volkswagen-t4-multivan-lang-1990-2004\\\/#primaryimage\"},\"image\":{\"@id\":\"https:\\\/\\\/maxcampbox.com\\\/de\\\/produit\\\/isolierender-vorhang-verkleidung-volkswagen-t4-multivan-lang-1990-2004\\\/#primaryimage\"},\"thumbnailUrl\":\"https:\\\/\\\/maxcampbox.com\\\/wp-content\\\/uploads\\\/2024\\\/09\\\/Volkswagen-T4-Multivan-Long-1990-2004.png\",\"datePublished\":\"2024-09-21T11:45:58+00:00\",\"dateModified\":\"2025-04-24T17:55:15+00:00\",\"description\":\"Es kann manchmal eine Herausforderung sein, die richtige isothermische Klappe oder den richtigen Innenvorhang f\u00fcr Ihr Fahrzeugmodell zu finden.\",\"breadcrumb\":{\"@id\":\"https:\\\/\\\/maxcampbox.com\\\/de\\\/produit\\\/isolierender-vorhang-verkleidung-volkswagen-t4-multivan-lang-1990-2004\\\/#breadcrumb\"},\"inLanguage\":\"de\",\"potentialAction\":[{\"@type\":\"ReadAction\",\"target\":[\"https:\\\/\\\/maxcampbox.com\\\/de\\\/produit\\\/isolierender-vorhang-verkleidung-volkswagen-t4-multivan-lang-1990-2004\\\/\"]}]},{\"@type\":\"ImageObject\",\"inLanguage\":\"de\",\"@id\":\"https:\\\/\\\/maxcampbox.com\\\/de\\\/produit\\\/isolierender-vorhang-verkleidung-volkswagen-t4-multivan-lang-1990-2004\\\/#primaryimage\",\"url\":\"https:\\\/\\\/maxcampbox.com\\\/wp-content\\\/uploads\\\/2024\\\/09\\\/Volkswagen-T4-Multivan-Long-1990-2004.png\",\"contentUrl\":\"https:\\\/\\\/maxcampbox.com\\\/wp-content\\\/uploads\\\/2024\\\/09\\\/Volkswagen-T4-Multivan-Long-1990-2004.png\",\"width\":1080,\"height\":1080},{\"@type\":\"BreadcrumbList\",\"@id\":\"https:\\\/\\\/maxcampbox.com\\\/de\\\/produit\\\/isolierender-vorhang-verkleidung-volkswagen-t4-multivan-lang-1990-2004\\\/#breadcrumb\",\"itemListElement\":[{\"@type\":\"ListItem\",\"position\":1,\"name\":\"Accueil\",\"item\":\"https:\\\/\\\/maxcampbox.com\\\/de\\\/\"},{\"@type\":\"ListItem\",\"position\":2,\"name\":\"Shop\",\"item\":\"https:\\\/\\\/maxcampbox.com\\\/de\\\/shop\\\/\"},{\"@type\":\"ListItem\",\"position\":3,\"name\":\"Isolierender Vorhang\\\/Verkleidung Volkswagen T4 Multivan Lang 1990-2004\"}]},{\"@type\":\"WebSite\",\"@id\":\"https:\\\/\\\/maxcampbox.com\\\/de\\\/#website\",\"url\":\"https:\\\/\\\/maxcampbox.com\\\/de\\\/\",\"name\":\"maxcampbox\",\"description\":\"Camping Box pour vans am\u00e9nag\u00e9s\",\"potentialAction\":[{\"@type\":\"SearchAction\",\"target\":{\"@type\":\"EntryPoint\",\"urlTemplate\":\"https:\\\/\\\/maxcampbox.com\\\/de\\\/?s={search_term_string}\"},\"query-input\":{\"@type\":\"PropertyValueSpecification\",\"valueRequired\":true,\"valueName\":\"search_term_string\"}}],\"inLanguage\":\"de\"}]}<\/script>\n<!-- \/ Yoast SEO plugin. -->","yoast_head_json":{"title":"Isolierender Vorhang\/Verkleidung Volkswagen T4 Multivan Lang 1990-2004 - maxcampbox","description":"Es kann manchmal eine Herausforderung sein, die richtige isothermische Klappe oder den richtigen Innenvorhang f\u00fcr Ihr Fahrzeugmodell zu finden.","robots":{"index":"index","follow":"follow","max-snippet":"max-snippet:-1","max-image-preview":"max-image-preview:large","max-video-preview":"max-video-preview:-1"},"canonical":"https:\/\/maxcampbox.com\/de\/produit\/isolierender-vorhang-verkleidung-volkswagen-t4-multivan-lang-1990-2004\/","og_locale":"de_DE","og_type":"article","og_title":"Isolierender Vorhang\/Verkleidung Volkswagen T4 Multivan Lang 1990-2004 - maxcampbox","og_description":"Es kann manchmal eine Herausforderung sein, die richtige isothermische Klappe oder den richtigen Innenvorhang f\u00fcr Ihr Fahrzeugmodell zu finden.","og_url":"https:\/\/maxcampbox.com\/de\/produit\/isolierender-vorhang-verkleidung-volkswagen-t4-multivan-lang-1990-2004\/","og_site_name":"maxcampbox","article_modified_time":"2025-04-24T17:55:15+00:00","og_image":[{"width":1080,"height":1080,"url":"https:\/\/maxcampbox.com\/wp-content\/uploads\/2024\/09\/Volkswagen-T4-Multivan-Long-1990-2004.png","type":"image\/png"}],"twitter_card":"summary_large_image","twitter_misc":{"Gesch\u00e4tzte Lesezeit":"3\u00a0Minuten"},"schema":{"@context":"https:\/\/schema.org","@graph":[{"@type":"WebPage","@id":"https:\/\/maxcampbox.com\/de\/produit\/isolierender-vorhang-verkleidung-volkswagen-t4-multivan-lang-1990-2004\/","url":"https:\/\/maxcampbox.com\/de\/produit\/isolierender-vorhang-verkleidung-volkswagen-t4-multivan-lang-1990-2004\/","name":"Isolierender Vorhang\/Verkleidung Volkswagen T4 Multivan Lang 1990-2004 - maxcampbox","isPartOf":{"@id":"https:\/\/maxcampbox.com\/de\/#website"},"primaryImageOfPage":{"@id":"https:\/\/maxcampbox.com\/de\/produit\/isolierender-vorhang-verkleidung-volkswagen-t4-multivan-lang-1990-2004\/#primaryimage"},"image":{"@id":"https:\/\/maxcampbox.com\/de\/produit\/isolierender-vorhang-verkleidung-volkswagen-t4-multivan-lang-1990-2004\/#primaryimage"},"thumbnailUrl":"https:\/\/maxcampbox.com\/wp-content\/uploads\/2024\/09\/Volkswagen-T4-Multivan-Long-1990-2004.png","datePublished":"2024-09-21T11:45:58+00:00","dateModified":"2025-04-24T17:55:15+00:00","description":"Es kann manchmal eine Herausforderung sein, die richtige isothermische Klappe oder den richtigen Innenvorhang f\u00fcr Ihr Fahrzeugmodell zu finden.","breadcrumb":{"@id":"https:\/\/maxcampbox.com\/de\/produit\/isolierender-vorhang-verkleidung-volkswagen-t4-multivan-lang-1990-2004\/#breadcrumb"},"inLanguage":"de","potentialAction":[{"@type":"ReadAction","target":["https:\/\/maxcampbox.com\/de\/produit\/isolierender-vorhang-verkleidung-volkswagen-t4-multivan-lang-1990-2004\/"]}]},{"@type":"ImageObject","inLanguage":"de","@id":"https:\/\/maxcampbox.com\/de\/produit\/isolierender-vorhang-verkleidung-volkswagen-t4-multivan-lang-1990-2004\/#primaryimage","url":"https:\/\/maxcampbox.com\/wp-content\/uploads\/2024\/09\/Volkswagen-T4-Multivan-Long-1990-2004.png","contentUrl":"https:\/\/maxcampbox.com\/wp-content\/uploads\/2024\/09\/Volkswagen-T4-Multivan-Long-1990-2004.png","width":1080,"height":1080},{"@type":"BreadcrumbList","@id":"https:\/\/maxcampbox.com\/de\/produit\/isolierender-vorhang-verkleidung-volkswagen-t4-multivan-lang-1990-2004\/#breadcrumb","itemListElement":[{"@type":"ListItem","position":1,"name":"Accueil","item":"https:\/\/maxcampbox.com\/de\/"},{"@type":"ListItem","position":2,"name":"Shop","item":"https:\/\/maxcampbox.com\/de\/shop\/"},{"@type":"ListItem","position":3,"name":"Isolierender Vorhang\/Verkleidung Volkswagen T4 Multivan Lang 1990-2004"}]},{"@type":"WebSite","@id":"https:\/\/maxcampbox.com\/de\/#website","url":"https:\/\/maxcampbox.com\/de\/","name":"maxcampbox","description":"Camping Box pour vans am\u00e9nag\u00e9s","potentialAction":[{"@type":"SearchAction","target":{"@type":"EntryPoint","urlTemplate":"https:\/\/maxcampbox.com\/de\/?s={search_term_string}"},"query-input":{"@type":"PropertyValueSpecification","valueRequired":true,"valueName":"search_term_string"}}],"inLanguage":"de"}]}},"_links":{"self":[{"href":"https:\/\/maxcampbox.com\/de\/wp-json\/wp\/v2\/product\/14218","targetHints":{"allow":["GET"]}}],"collection":[{"href":"https:\/\/maxcampbox.com\/de\/wp-json\/wp\/v2\/product"}],"about":[{"href":"https:\/\/maxcampbox.com\/de\/wp-json\/wp\/v2\/types\/product"}],"replies":[{"embeddable":true,"href":"https:\/\/maxcampbox.com\/de\/wp-json\/wp\/v2\/comments?post=14218"}],"wp:featuredmedia":[{"embeddable":true,"href":"https:\/\/maxcampbox.com\/de\/wp-json\/wp\/v2\/media\/11828"}],"wp:attachment":[{"href":"https:\/\/maxcampbox.com\/de\/wp-json\/wp\/v2\/media?parent=14218"}],"wp:term":[{"taxonomy":"product_brand","embeddable":true,"href":"https:\/\/maxcampbox.com\/de\/wp-json\/wp\/v2\/product_brand?post=14218"},{"taxonomy":"product_cat","embeddable":true,"href":"https:\/\/maxcampbox.com\/de\/wp-json\/wp\/v2\/product_cat?post=14218"},{"taxonomy":"product_tag","embeddable":true,"href":"https:\/\/maxcampbox.com\/de\/wp-json\/wp\/v2\/product_tag?post=14218"}],"curies":[{"name":"wp","href":"https:\/\/api.w.org\/{rel}","templated":true}]}}