{"id":9912,"date":"2022-03-16T15:15:06","date_gmt":"2022-03-16T15:15:06","guid":{"rendered":"https:\/\/maxcampbox.com\/datenschutzrichtlinie\/"},"modified":"2024-12-06T18:28:48","modified_gmt":"2024-12-06T18:28:48","slug":"datenschutzrichtlinie","status":"publish","type":"page","link":"https:\/\/maxcampbox.com\/de\/datenschutzrichtlinie\/","title":{"rendered":"Datenschutzrichtlinie"},"content":{"rendered":"[vc_row type=&#8220;in_container&#8220; full_screen_row_position=&#8220;middle&#8220; column_margin=&#8220;default&#8220; column_direction=&#8220;default&#8220; column_direction_tablet=&#8220;default&#8220; column_direction_phone=&#8220;default&#8220; scene_position=&#8220;center&#8220; text_color=&#8220;dark&#8220; text_align=&#8220;left&#8220; row_border_radius=&#8220;none&#8220; row_border_radius_applies=&#8220;bg&#8220; overlay_strength=&#8220;0.3&#8243; gradient_direction=&#8220;left_to_right&#8220; shape_divider_position=&#8220;bottom&#8220; bg_image_animation=&#8220;none&#8220;][vc_column column_padding=&#8220;no-extra-padding&#8220; column_padding_tablet=&#8220;inherit&#8220; column_padding_phone=&#8220;inherit&#8220; column_padding_position=&#8220;all&#8220; column_element_spacing=&#8220;default&#8220; background_color_opacity=&#8220;1&#8243; background_hover_color_opacity=&#8220;1&#8243; column_shadow=&#8220;none&#8220; column_border_radius=&#8220;none&#8220; column_link_target=&#8220;_self&#8220; gradient_direction=&#8220;left_to_right&#8220; overlay_strength=&#8220;0.3&#8243; width=&#8220;1\/1&#8243; tablet_width_inherit=&#8220;default&#8220; tablet_text_alignment=&#8220;default&#8220; phone_text_alignment=&#8220;default&#8220; bg_image_animation=&#8220;none&#8220; border_type=&#8220;simple&#8220; column_border_width=&#8220;none&#8220; column_border_style=&#8220;solid&#8220;][vc_column_text]\n<h2>Datenschutzerkl\u00e4rung von <a href=\"https:\/\/maxcampbox.com\/de\/\">www.maxcampbox.com<\/a><\/h2>\n<p>&nbsp;<\/p>\n<p>WAKEUP CAMPERVANS verpflichtet sich als Verantwortlicher f\u00fcr die Datenverarbeitung zur Einhaltung seiner Verpflichtungen zum Schutz personenbezogener Daten. Sie verwendet die Daten auf verantwortungsvolle und vertrauliche Weise.<\/p>\n<p>WAKEUP CAMPERVANS ist eine Ein-Personen-SAS mit einem Kapital von 10.000 \u20ac, die im Handels- und Gesellschaftsregister eingetragen ist und ihren Sitz in 122 lieu dit mezzana, 20290 Lucciana hat.<br \/>  \/ email: contact@wakeupcampervans.com<\/p>\n<p>Diese Datenschutzrichtlinie gilt f\u00fcr die Verarbeitung personenbezogener Daten durch WAKEUP CAMPERVANS \u00fcber die Website www.wakeupcampervans.com, die in \u00dcbereinstimmung mit den Bestimmungen der Allgemeinen Datenschutzverordnung Nr. 2016\/679 vom 27. April 2016 (DSGVO) und dem Gesetz &#8222;Informatique et Libert\u00e9s&#8220; Nr. 78-17 vom 6. Januar 1978 in der ge\u00e4nderten Fassung durchgef\u00fchrt wird.<br \/>  Die Erhebung, Nutzung und Speicherung von Daten \u00fcber das Kontaktformular ist f\u00fcr die Firma WAKEUP CAMPERVANS notwendig, um auf die in der Nachricht formulierte Anfrage zu antworten.<br \/>  WAKEUP CAMPERVANS verpflichtet sich, die pers\u00f6nlichen Daten der Nutzer vor Verlust, Zerst\u00f6rung, Ver\u00e4nderung, Zugriff oder unbefugter Offenlegung zu sch\u00fctzen.<\/p>\n<h3>1- Verwendung von pers\u00f6nlichen Daten<\/h3>\n<h4><strong>Verantwortlich f\u00fcr die Verarbeitung<\/strong><\/h4>\n<p>WAKEUP CAMPERVANS verarbeitet personenbezogene Daten, die direkt vom Nutzer erhalten werden, um die Ma\u00dfnahmen durchzuf\u00fchren, die vor dem Abschluss des von WAKEUP CAMPERVANS angebotenen Mietvertrages erforderlich sind oder f\u00fcr diesen notwendig sind.<\/p>\n<h4><strong>Gesammelte Daten\/Zwecke<\/strong><\/h4>\n<p>Die Kategorien der gesammelten und verarbeiteten Daten sind: Name, Vorname, Telefon, E-Mail, Postanschrift.<br \/>  Ohne die Angabe dieser Daten ist WAKEUP CAMPERVANS nicht in der Lage, die gew\u00fcnschte Dienstleistung zu erbringen.<br \/>  Dar\u00fcber hinaus k\u00f6nnen diese Daten verwendet werden, um die Nutzer und Kunden \u00fcber Neuigkeiten, Werbeaktionen und Informationen im Zusammenhang mit WAKEUP CAMPERVANS zu informieren und ihnen den Newsletter zuzusenden, sofern sie nicht von ihrem Widerspruchsrecht Gebrauch machen.<\/p>\n<h4><strong>Empf\u00e4nger der Daten<\/strong><\/h4>\n<p>Die Daten werden ausschlie\u00dflich von autorisiertem Personal von WAKEUP CAMPERVANS verarbeitet.<br \/>  Die Daten werden auch an die Firma WAKEUP CAMEPRVANS weitergegeben, die dann als der f\u00fcr die Verarbeitung Verantwortliche fungiert, um den Mietvertrag zu erf\u00fcllen und der betroffenen Person das gemietete Fahrzeug zur Verf\u00fcgung zu stellen.<br \/>  Der f\u00fcr die Verarbeitung Verantwortliche kann die verarbeiteten Daten auch an Dritte weitergeben, um seinen gesetzlichen und regulatorischen Verpflichtungen nachzukommen oder um auf Anfragen von gesetzlich befugten Beh\u00f6rden zu reagieren.<\/p>\n<h4><strong>Haltbarkeitsdauer<\/strong><\/h4>\n<p>Die gesammelten Daten werden f\u00fcr die Dauer der Erf\u00fcllung des Vertragsverh\u00e4ltnisses und f\u00fcr 3 Jahre aufbewahrt, wenn die betroffene Person nicht von ihrem Widerspruchsrecht Gebrauch gemacht hat.<\/p>\n<h3>2- Rechte der Personen, deren Daten verarbeitet werden<\/h3>\n<p>Die Nutzer haben die M\u00f6glichkeit, :<\/p>\n<ul>\n<li>Zugang zu ihren Daten beantragen ;<\/li>\n<li>die Berichtigung ihrer Daten beantragen ;<\/li>\n<li>L\u00f6schung ihrer Daten beantragen ;<\/li>\n<li>Die Verarbeitung ihrer Daten einschr\u00e4nken zu lassen, sofern berechtigte Gr\u00fcnde vorliegen;<\/li>\n<li>sich der Verarbeitung ihrer Daten widersetzen, insbesondere im Bereich der kommerziellen Werbung;<\/li>\n<li>Richtlinien \u00fcber den Verbleib Ihrer Daten nach dem Tod gem\u00e4\u00df Artikel 85 des franz\u00f6sischen Datenschutzgesetzes (Loi Informatique et Libert\u00e9s n\u00b078-17) festlegen,<\/li>\n<li>das Recht auf \u00dcbertragbarkeit gem\u00e4\u00df Artikel 20 der DSGVO auszu\u00fcben.<\/li>\n<\/ul>\n<p>Der Antrag auf Aus\u00fcbung der Rechte, welcher Art auch immer, muss entweder per E-Mail an contact@wakeupcampervans.com, telefonisch unter 07 84 06 58 59 oder per Post an die folgende Adresse gestellt werden: 122 lieu dit Mezzana, 20290 Lucciana.<br \/>  Bevor WAKEUP CAMPERVANS dem Antrag stattgibt, beh\u00e4lt sich WAKEUP CAMPERVANS die M\u00f6glichkeit vor, die Identit\u00e4t des Antragstellers mit allen Mitteln zu \u00fcberpr\u00fcfen.<br \/>  WAKEUP CAMPERVANS verpflichtet sich, innerhalb eines Monats nach Erhalt der Anfrage eine Antwort zu geben. Je nach Komplexit\u00e4t oder Anzahl der Antr\u00e4ge kann diese Frist um zwei Monate verl\u00e4ngert werden.<br \/>  Wenn Nutzer der Meinung sind, dass ihre Daten nicht in \u00dcbereinstimmung mit den geltenden Vorschriften verarbeitet werden, k\u00f6nnen sie eine Beschwerde bei der Commission Nationale de l&#8217;Informatique et des Libert\u00e9s (CNIL) einreichen. Die CNIL kann unter folgender Adresse kontaktiert werden: 3, Place de Fontenoy &#8211; TSA 80715 &#8211; 75334 PARIS CEDEX 07, telefonisch unter 01 53 73 22 22 und \u00fcber ihre Website: <a href=\"https:\/\/www.cnil.fr\/\" target=\"blank\" rel=\"noopener\">www.cnil.fr<\/a>.<\/p>\n<p>Diese Datenschutzrichtlinie kann sich gem\u00e4\u00df den geltenden Gesetzen \u00e4ndern. Es wird daher empfohlen, sie regelm\u00e4\u00dfig zu konsultieren.[\/vc_column_text][\/vc_column][\/vc_row]\n","protected":false},"excerpt":{"rendered":"<p>[vc_row type=&#8220;in_container&#8220; full_screen_row_position=&#8220;middle&#8220; column_margin=&#8220;default&#8220; column_direction=&#8220;default&#8220; column_direction_tablet=&#8220;default&#8220; column_direction_phone=&#8220;default&#8220; scene_position=&#8220;center&#8220; text_color=&#8220;dark&#8220; text_align=&#8220;left&#8220; row_border_radius=&#8220;none&#8220; row_border_radius_applies=&#8220;bg&#8220; overlay_strength=&#8220;0.3&#8243; gradient_direction=&#8220;left_to_right&#8220; shape_divider_position=&#8220;bottom&#8220; bg_image_animation=&#8220;none&#8220;][vc_column column_padding=&#8220;no-extra-padding&#8220; column_padding_tablet=&#8220;inherit&#8220; column_padding_phone=&#8220;inherit&#8220; column_padding_position=&#8220;all&#8220; column_element_spacing=&#8220;default&#8220; background_color_opacity=&#8220;1&#8243; background_hover_color_opacity=&#8220;1&#8243; column_shadow=&#8220;none&#8220; column_border_radius=&#8220;none&#8220; column_link_target=&#8220;_self&#8220; gradient_direction=&#8220;left_to_right&#8220; overlay_strength=&#8220;0.3&#8243; width=&#8220;1\/1&#8243; tablet_width_inherit=&#8220;default&#8220;&#8230;<\/p>\n","protected":false},"author":1,"featured_media":0,"parent":0,"menu_order":0,"comment_status":"closed","ping_status":"closed","template":"","meta":{"_monsterinsights_skip_tracking":false,"_monsterinsights_sitenote_active":false,"_monsterinsights_sitenote_note":"","_monsterinsights_sitenote_category":0,"footnotes":""},"class_list":["post-9912","page","type-page","status-publish"],"yoast_head":"<!-- This site is optimized with the Yoast SEO plugin v27.5 - https:\/\/yoast.com\/product\/yoast-seo-wordpress\/ -->\n<title>Datenschutzrichtlinie - maxcampbox<\/title>\n<meta name=\"robots\" content=\"index, follow, max-snippet:-1, max-image-preview:large, max-video-preview:-1\" \/>\n<link rel=\"canonical\" href=\"https:\/\/maxcampbox.com\/de\/datenschutzrichtlinie\/\" \/>\n<meta property=\"og:locale\" content=\"de_DE\" \/>\n<meta property=\"og:type\" content=\"article\" \/>\n<meta property=\"og:title\" content=\"Datenschutzrichtlinie - maxcampbox\" \/>\n<meta property=\"og:description\" content=\"[vc_row type=&#8220;in_container&#8220; full_screen_row_position=&#8220;middle&#8220; column_margin=&#8220;default&#8220; column_direction=&#8220;default&#8220; column_direction_tablet=&#8220;default&#8220; column_direction_phone=&#8220;default&#8220; scene_position=&#8220;center&#8220; text_color=&#8220;dark&#8220; text_align=&#8220;left&#8220; row_border_radius=&#8220;none&#8220; row_border_radius_applies=&#8220;bg&#8220; overlay_strength=&#8220;0.3&#8243; gradient_direction=&#8220;left_to_right&#8220; shape_divider_position=&#8220;bottom&#8220; bg_image_animation=&#8220;none&#8220;][vc_column column_padding=&#8220;no-extra-padding&#8220; column_padding_tablet=&#8220;inherit&#8220; column_padding_phone=&#8220;inherit&#8220; column_padding_position=&#8220;all&#8220; column_element_spacing=&#8220;default&#8220; background_color_opacity=&#8220;1&#8243; background_hover_color_opacity=&#8220;1&#8243; column_shadow=&#8220;none&#8220; column_border_radius=&#8220;none&#8220; column_link_target=&#8220;_self&#8220; gradient_direction=&#8220;left_to_right&#8220; overlay_strength=&#8220;0.3&#8243; width=&#8220;1\/1&#8243; tablet_width_inherit=&#8220;default&#8220;...\" \/>\n<meta property=\"og:url\" content=\"https:\/\/maxcampbox.com\/de\/datenschutzrichtlinie\/\" \/>\n<meta property=\"og:site_name\" content=\"maxcampbox\" \/>\n<meta property=\"article:modified_time\" content=\"2024-12-06T18:28:48+00:00\" \/>\n<meta name=\"twitter:card\" content=\"summary_large_image\" \/>\n<meta name=\"twitter:label1\" content=\"Gesch\u00e4tzte Lesezeit\" \/>\n\t<meta name=\"twitter:data1\" content=\"4\u00a0Minuten\" \/>\n<script type=\"application\/ld+json\" class=\"yoast-schema-graph\">{\"@context\":\"https:\\\/\\\/schema.org\",\"@graph\":[{\"@type\":\"WebPage\",\"@id\":\"https:\\\/\\\/maxcampbox.com\\\/de\\\/datenschutzrichtlinie\\\/\",\"url\":\"https:\\\/\\\/maxcampbox.com\\\/de\\\/datenschutzrichtlinie\\\/\",\"name\":\"Datenschutzrichtlinie - maxcampbox\",\"isPartOf\":{\"@id\":\"https:\\\/\\\/maxcampbox.com\\\/de\\\/#website\"},\"datePublished\":\"2022-03-16T15:15:06+00:00\",\"dateModified\":\"2024-12-06T18:28:48+00:00\",\"breadcrumb\":{\"@id\":\"https:\\\/\\\/maxcampbox.com\\\/de\\\/datenschutzrichtlinie\\\/#breadcrumb\"},\"inLanguage\":\"de\",\"potentialAction\":[{\"@type\":\"ReadAction\",\"target\":[\"https:\\\/\\\/maxcampbox.com\\\/de\\\/datenschutzrichtlinie\\\/\"]}]},{\"@type\":\"BreadcrumbList\",\"@id\":\"https:\\\/\\\/maxcampbox.com\\\/de\\\/datenschutzrichtlinie\\\/#breadcrumb\",\"itemListElement\":[{\"@type\":\"ListItem\",\"position\":1,\"name\":\"Accueil\",\"item\":\"https:\\\/\\\/maxcampbox.com\\\/de\\\/\"},{\"@type\":\"ListItem\",\"position\":2,\"name\":\"Datenschutzrichtlinie\"}]},{\"@type\":\"WebSite\",\"@id\":\"https:\\\/\\\/maxcampbox.com\\\/de\\\/#website\",\"url\":\"https:\\\/\\\/maxcampbox.com\\\/de\\\/\",\"name\":\"maxcampbox\",\"description\":\"Camping Box pour vans am\u00e9nag\u00e9s\",\"potentialAction\":[{\"@type\":\"SearchAction\",\"target\":{\"@type\":\"EntryPoint\",\"urlTemplate\":\"https:\\\/\\\/maxcampbox.com\\\/de\\\/?s={search_term_string}\"},\"query-input\":{\"@type\":\"PropertyValueSpecification\",\"valueRequired\":true,\"valueName\":\"search_term_string\"}}],\"inLanguage\":\"de\"}]}<\/script>\n<!-- \/ Yoast SEO plugin. -->","yoast_head_json":{"title":"Datenschutzrichtlinie - maxcampbox","robots":{"index":"index","follow":"follow","max-snippet":"max-snippet:-1","max-image-preview":"max-image-preview:large","max-video-preview":"max-video-preview:-1"},"canonical":"https:\/\/maxcampbox.com\/de\/datenschutzrichtlinie\/","og_locale":"de_DE","og_type":"article","og_title":"Datenschutzrichtlinie - maxcampbox","og_description":"[vc_row type=&#8220;in_container&#8220; full_screen_row_position=&#8220;middle&#8220; column_margin=&#8220;default&#8220; column_direction=&#8220;default&#8220; column_direction_tablet=&#8220;default&#8220; column_direction_phone=&#8220;default&#8220; scene_position=&#8220;center&#8220; text_color=&#8220;dark&#8220; text_align=&#8220;left&#8220; row_border_radius=&#8220;none&#8220; row_border_radius_applies=&#8220;bg&#8220; overlay_strength=&#8220;0.3&#8243; gradient_direction=&#8220;left_to_right&#8220; shape_divider_position=&#8220;bottom&#8220; bg_image_animation=&#8220;none&#8220;][vc_column column_padding=&#8220;no-extra-padding&#8220; column_padding_tablet=&#8220;inherit&#8220; column_padding_phone=&#8220;inherit&#8220; column_padding_position=&#8220;all&#8220; column_element_spacing=&#8220;default&#8220; background_color_opacity=&#8220;1&#8243; background_hover_color_opacity=&#8220;1&#8243; column_shadow=&#8220;none&#8220; column_border_radius=&#8220;none&#8220; column_link_target=&#8220;_self&#8220; gradient_direction=&#8220;left_to_right&#8220; overlay_strength=&#8220;0.3&#8243; width=&#8220;1\/1&#8243; tablet_width_inherit=&#8220;default&#8220;...","og_url":"https:\/\/maxcampbox.com\/de\/datenschutzrichtlinie\/","og_site_name":"maxcampbox","article_modified_time":"2024-12-06T18:28:48+00:00","twitter_card":"summary_large_image","twitter_misc":{"Gesch\u00e4tzte Lesezeit":"4\u00a0Minuten"},"schema":{"@context":"https:\/\/schema.org","@graph":[{"@type":"WebPage","@id":"https:\/\/maxcampbox.com\/de\/datenschutzrichtlinie\/","url":"https:\/\/maxcampbox.com\/de\/datenschutzrichtlinie\/","name":"Datenschutzrichtlinie - maxcampbox","isPartOf":{"@id":"https:\/\/maxcampbox.com\/de\/#website"},"datePublished":"2022-03-16T15:15:06+00:00","dateModified":"2024-12-06T18:28:48+00:00","breadcrumb":{"@id":"https:\/\/maxcampbox.com\/de\/datenschutzrichtlinie\/#breadcrumb"},"inLanguage":"de","potentialAction":[{"@type":"ReadAction","target":["https:\/\/maxcampbox.com\/de\/datenschutzrichtlinie\/"]}]},{"@type":"BreadcrumbList","@id":"https:\/\/maxcampbox.com\/de\/datenschutzrichtlinie\/#breadcrumb","itemListElement":[{"@type":"ListItem","position":1,"name":"Accueil","item":"https:\/\/maxcampbox.com\/de\/"},{"@type":"ListItem","position":2,"name":"Datenschutzrichtlinie"}]},{"@type":"WebSite","@id":"https:\/\/maxcampbox.com\/de\/#website","url":"https:\/\/maxcampbox.com\/de\/","name":"maxcampbox","description":"Camping Box pour vans am\u00e9nag\u00e9s","potentialAction":[{"@type":"SearchAction","target":{"@type":"EntryPoint","urlTemplate":"https:\/\/maxcampbox.com\/de\/?s={search_term_string}"},"query-input":{"@type":"PropertyValueSpecification","valueRequired":true,"valueName":"search_term_string"}}],"inLanguage":"de"}]}},"_links":{"self":[{"href":"https:\/\/maxcampbox.com\/de\/wp-json\/wp\/v2\/pages\/9912","targetHints":{"allow":["GET"]}}],"collection":[{"href":"https:\/\/maxcampbox.com\/de\/wp-json\/wp\/v2\/pages"}],"about":[{"href":"https:\/\/maxcampbox.com\/de\/wp-json\/wp\/v2\/types\/page"}],"author":[{"embeddable":true,"href":"https:\/\/maxcampbox.com\/de\/wp-json\/wp\/v2\/users\/1"}],"replies":[{"embeddable":true,"href":"https:\/\/maxcampbox.com\/de\/wp-json\/wp\/v2\/comments?post=9912"}],"version-history":[{"count":0,"href":"https:\/\/maxcampbox.com\/de\/wp-json\/wp\/v2\/pages\/9912\/revisions"}],"wp:attachment":[{"href":"https:\/\/maxcampbox.com\/de\/wp-json\/wp\/v2\/media?parent=9912"}],"curies":[{"name":"wp","href":"https:\/\/api.w.org\/{rel}","templated":true}]}}