{"id":9900,"date":"2022-03-16T15:14:19","date_gmt":"2022-03-16T15:14:19","guid":{"rendered":"https:\/\/maxcampbox.com\/cookies\/"},"modified":"2024-12-06T18:22:30","modified_gmt":"2024-12-06T18:22:30","slug":"cookies","status":"publish","type":"page","link":"https:\/\/maxcampbox.com\/de\/cookies\/","title":{"rendered":"Cookies"},"content":{"rendered":"[vc_row type=&#8220;in_container&#8220; full_screen_row_position=&#8220;middle&#8220; column_margin=&#8220;default&#8220; column_direction=&#8220;default&#8220; column_direction_tablet=&#8220;default&#8220; column_direction_phone=&#8220;default&#8220; scene_position=&#8220;center&#8220; text_color=&#8220;dark&#8220; text_align=&#8220;left&#8220; row_border_radius=&#8220;none&#8220; row_border_radius_applies=&#8220;bg&#8220; overlay_strength=&#8220;0.3&#8243; gradient_direction=&#8220;left_to_right&#8220; shape_divider_position=&#8220;bottom&#8220; bg_image_animation=&#8220;none&#8220;][vc_column column_padding=&#8220;no-extra-padding&#8220; column_padding_tablet=&#8220;inherit&#8220; column_padding_phone=&#8220;inherit&#8220; column_padding_position=&#8220;all&#8220; column_element_spacing=&#8220;default&#8220; background_color_opacity=&#8220;1&#8243; background_hover_color_opacity=&#8220;1&#8243; column_shadow=&#8220;none&#8220; column_border_radius=&#8220;none&#8220; column_link_target=&#8220;_self&#8220; gradient_direction=&#8220;left_to_right&#8220; overlay_strength=&#8220;0.3&#8243; width=&#8220;1\/1&#8243; tablet_width_inherit=&#8220;default&#8220; tablet_text_alignment=&#8220;default&#8220; phone_text_alignment=&#8220;default&#8220; bg_image_animation=&#8220;none&#8220; border_type=&#8220;simple&#8220; column_border_width=&#8220;none&#8220; column_border_style=&#8220;solid&#8220;][vc_column_text]\n<h2><strong>Cookies<\/strong><\/h2>\n<p class=\"terms__title--paragraph mb-3\">Um das reibungslose Funktionieren dieser Website zu gew\u00e4hrleisten, m\u00fcssen wir manchmal kleine Datendateien auf den Ger\u00e4ten unserer Nutzer speichern. Die meisten Webseiten tun dies auch.<\/p>\n<h3 class=\"terms__title--bullet mb-3\">Was ist ein Cookie?<\/h3>\n<p class=\"terms__title--paragraph mb-3\">Ein Cookie ist eine kleine Textdatei, die von Websites auf Ihrem Computer oder mobilen Ger\u00e4t gespeichert wird, wenn Sie sie besuchen. Dies erm\u00f6glicht es diesen Websites, Ihre Aktionen und Pr\u00e4ferenzen (Benutzername, Sprache, Schriftgr\u00f6\u00dfe und andere Anzeigeeinstellungen) f\u00fcr eine bestimmte Zeit zu speichern, so dass Sie diese Informationen nicht jedes Mal neu eingeben m\u00fcssen, wenn Sie diese Websites besuchen oder von einer Seite zur anderen navigieren.<\/p>\n<h3 class=\"terms__title--bullet mb-3\">Wie verwenden wir Cookies?<\/h3>\n<p class=\"terms__title--paragraph mb-3\">Einige unserer Seiten verwenden Cookies, um sich zu erinnern:<\/p>\n<ul class=\"terms__list mb-3\">\n<li class=\"terms__title--paragraph\">Ihre Anzeigepr\u00e4ferenzen, wie Kontrast und Schriftgr\u00f6\u00dfe;<\/li>\n<li class=\"terms__title--paragraph\">wenn Sie bereits an einer Umfrage teilgenommen haben, in der Sie gefragt wurden, ob der Inhalt f\u00fcr Sie hilfreich war (die Frage wird Ihnen nur einmal gestellt);<\/li>\n<li class=\"terms__title--paragraph\">wenn Sie der Verwendung von Cookies auf dieser Website zugestimmt haben.<\/li>\n<\/ul>\n<p class=\"terms__title--paragraph mb-3\">Dar\u00fcber hinaus verwenden einige Videos auf unseren Seiten Cookies, um anonyme Statistiken dar\u00fcber zu sammeln, wie Sie auf die Seite gelangt sind und welche Videos Sie sich angesehen haben.<\/p>\n<p class=\"terms__title--paragraph mb-3\">Diese Cookies sind f\u00fcr den Betrieb der Website nicht unbedingt erforderlich, aber sie erleichtern Ihnen die Navigation. Sie k\u00f6nnen diese blockieren oder l\u00f6schen, aber dann k\u00f6nnen Sie m\u00f6glicherweise einige Elemente der Website nicht mehr richtig funktionieren.<\/p>\n<p class=\"terms__title--paragraph mb-3\">Die in den Cookies enthaltenen Informationen sind nicht dazu bestimmt, Sie pers\u00f6nlich zu identifizieren, und wir haben die volle Kontrolle \u00fcber diese Daten. Diese Cookies werden niemals f\u00fcr andere Zwecke als die hier angegebenen verwendet.<\/p>\n<h3 class=\"terms__title--bullet mb-3\">Wie man Cookies kontrolliert<\/h3>\n<p class=\"terms__title--paragraph mb-3\">Sie k\u00f6nnen Cookies kontrollieren und\/oder l\u00f6schen, wie Sie es w\u00fcnschen. Weitere Informationen finden Sie unter <a href=\"http:\/\/www.aboutcookies.org\/\">aboutcookies.org<\/a>. Sie k\u00f6nnen alle bereits auf Ihrem Computer gespeicherten Cookies l\u00f6schen und die meisten Browser so einstellen, dass sie diese blockieren. In diesem Fall kann es jedoch sein, dass Sie bei jedem Besuch einer Website bestimmte Pr\u00e4ferenzen angeben m\u00fcssen und dass bestimmte Dienste und Funktionen m\u00f6glicherweise nicht zug\u00e4nglich sind.<\/p>\n[\/vc_column_text][\/vc_column][\/vc_row]\n","protected":false},"excerpt":{"rendered":"<p>[vc_row type=&#8220;in_container&#8220; full_screen_row_position=&#8220;middle&#8220; column_margin=&#8220;default&#8220; column_direction=&#8220;default&#8220; column_direction_tablet=&#8220;default&#8220; column_direction_phone=&#8220;default&#8220; scene_position=&#8220;center&#8220; text_color=&#8220;dark&#8220; text_align=&#8220;left&#8220; row_border_radius=&#8220;none&#8220; row_border_radius_applies=&#8220;bg&#8220; overlay_strength=&#8220;0.3&#8243; gradient_direction=&#8220;left_to_right&#8220; shape_divider_position=&#8220;bottom&#8220; bg_image_animation=&#8220;none&#8220;][vc_column column_padding=&#8220;no-extra-padding&#8220; column_padding_tablet=&#8220;inherit&#8220; column_padding_phone=&#8220;inherit&#8220; column_padding_position=&#8220;all&#8220; column_element_spacing=&#8220;default&#8220; background_color_opacity=&#8220;1&#8243; background_hover_color_opacity=&#8220;1&#8243; column_shadow=&#8220;none&#8220; column_border_radius=&#8220;none&#8220; column_link_target=&#8220;_self&#8220; gradient_direction=&#8220;left_to_right&#8220; overlay_strength=&#8220;0.3&#8243; width=&#8220;1\/1&#8243; tablet_width_inherit=&#8220;default&#8220;&#8230;<\/p>\n","protected":false},"author":1,"featured_media":0,"parent":0,"menu_order":0,"comment_status":"closed","ping_status":"closed","template":"","meta":{"_monsterinsights_skip_tracking":false,"_monsterinsights_sitenote_active":false,"_monsterinsights_sitenote_note":"","_monsterinsights_sitenote_category":0,"footnotes":""},"class_list":["post-9900","page","type-page","status-publish"],"yoast_head":"<!-- This site is optimized with the Yoast SEO plugin v27.3 - https:\/\/yoast.com\/product\/yoast-seo-wordpress\/ -->\n<title>Cookies - maxcampbox<\/title>\n<meta name=\"robots\" content=\"index, follow, max-snippet:-1, max-image-preview:large, max-video-preview:-1\" \/>\n<link rel=\"canonical\" href=\"https:\/\/maxcampbox.com\/de\/cookies\/\" \/>\n<meta property=\"og:locale\" content=\"de_DE\" \/>\n<meta property=\"og:type\" content=\"article\" \/>\n<meta property=\"og:title\" content=\"Cookies - maxcampbox\" \/>\n<meta property=\"og:description\" content=\"[vc_row type=&#8220;in_container&#8220; full_screen_row_position=&#8220;middle&#8220; column_margin=&#8220;default&#8220; column_direction=&#8220;default&#8220; column_direction_tablet=&#8220;default&#8220; column_direction_phone=&#8220;default&#8220; scene_position=&#8220;center&#8220; text_color=&#8220;dark&#8220; text_align=&#8220;left&#8220; row_border_radius=&#8220;none&#8220; row_border_radius_applies=&#8220;bg&#8220; overlay_strength=&#8220;0.3&#8243; gradient_direction=&#8220;left_to_right&#8220; shape_divider_position=&#8220;bottom&#8220; bg_image_animation=&#8220;none&#8220;][vc_column column_padding=&#8220;no-extra-padding&#8220; column_padding_tablet=&#8220;inherit&#8220; column_padding_phone=&#8220;inherit&#8220; column_padding_position=&#8220;all&#8220; column_element_spacing=&#8220;default&#8220; background_color_opacity=&#8220;1&#8243; background_hover_color_opacity=&#8220;1&#8243; column_shadow=&#8220;none&#8220; column_border_radius=&#8220;none&#8220; column_link_target=&#8220;_self&#8220; gradient_direction=&#8220;left_to_right&#8220; overlay_strength=&#8220;0.3&#8243; width=&#8220;1\/1&#8243; tablet_width_inherit=&#8220;default&#8220;...\" \/>\n<meta property=\"og:url\" content=\"https:\/\/maxcampbox.com\/de\/cookies\/\" \/>\n<meta property=\"og:site_name\" content=\"maxcampbox\" \/>\n<meta property=\"article:modified_time\" content=\"2024-12-06T18:22:30+00:00\" \/>\n<meta name=\"twitter:card\" content=\"summary_large_image\" \/>\n<meta name=\"twitter:label1\" content=\"Gesch\u00e4tzte Lesezeit\" \/>\n\t<meta name=\"twitter:data1\" content=\"2\u00a0Minuten\" \/>\n<script type=\"application\/ld+json\" class=\"yoast-schema-graph\">{\"@context\":\"https:\\\/\\\/schema.org\",\"@graph\":[{\"@type\":\"WebPage\",\"@id\":\"https:\\\/\\\/maxcampbox.com\\\/de\\\/cookies\\\/\",\"url\":\"https:\\\/\\\/maxcampbox.com\\\/de\\\/cookies\\\/\",\"name\":\"Cookies - maxcampbox\",\"isPartOf\":{\"@id\":\"https:\\\/\\\/maxcampbox.com\\\/de\\\/#website\"},\"datePublished\":\"2022-03-16T15:14:19+00:00\",\"dateModified\":\"2024-12-06T18:22:30+00:00\",\"breadcrumb\":{\"@id\":\"https:\\\/\\\/maxcampbox.com\\\/de\\\/cookies\\\/#breadcrumb\"},\"inLanguage\":\"de\",\"potentialAction\":[{\"@type\":\"ReadAction\",\"target\":[\"https:\\\/\\\/maxcampbox.com\\\/de\\\/cookies\\\/\"]}]},{\"@type\":\"BreadcrumbList\",\"@id\":\"https:\\\/\\\/maxcampbox.com\\\/de\\\/cookies\\\/#breadcrumb\",\"itemListElement\":[{\"@type\":\"ListItem\",\"position\":1,\"name\":\"Accueil\",\"item\":\"https:\\\/\\\/maxcampbox.com\\\/de\\\/\"},{\"@type\":\"ListItem\",\"position\":2,\"name\":\"Cookies\"}]},{\"@type\":\"WebSite\",\"@id\":\"https:\\\/\\\/maxcampbox.com\\\/de\\\/#website\",\"url\":\"https:\\\/\\\/maxcampbox.com\\\/de\\\/\",\"name\":\"maxcampbox\",\"description\":\"Camping Box pour vans am\u00e9nag\u00e9s\",\"potentialAction\":[{\"@type\":\"SearchAction\",\"target\":{\"@type\":\"EntryPoint\",\"urlTemplate\":\"https:\\\/\\\/maxcampbox.com\\\/de\\\/?s={search_term_string}\"},\"query-input\":{\"@type\":\"PropertyValueSpecification\",\"valueRequired\":true,\"valueName\":\"search_term_string\"}}],\"inLanguage\":\"de\"}]}<\/script>\n<!-- \/ Yoast SEO plugin. -->","yoast_head_json":{"title":"Cookies - maxcampbox","robots":{"index":"index","follow":"follow","max-snippet":"max-snippet:-1","max-image-preview":"max-image-preview:large","max-video-preview":"max-video-preview:-1"},"canonical":"https:\/\/maxcampbox.com\/de\/cookies\/","og_locale":"de_DE","og_type":"article","og_title":"Cookies - maxcampbox","og_description":"[vc_row type=&#8220;in_container&#8220; full_screen_row_position=&#8220;middle&#8220; column_margin=&#8220;default&#8220; column_direction=&#8220;default&#8220; column_direction_tablet=&#8220;default&#8220; column_direction_phone=&#8220;default&#8220; scene_position=&#8220;center&#8220; text_color=&#8220;dark&#8220; text_align=&#8220;left&#8220; row_border_radius=&#8220;none&#8220; row_border_radius_applies=&#8220;bg&#8220; overlay_strength=&#8220;0.3&#8243; gradient_direction=&#8220;left_to_right&#8220; shape_divider_position=&#8220;bottom&#8220; bg_image_animation=&#8220;none&#8220;][vc_column column_padding=&#8220;no-extra-padding&#8220; column_padding_tablet=&#8220;inherit&#8220; column_padding_phone=&#8220;inherit&#8220; column_padding_position=&#8220;all&#8220; column_element_spacing=&#8220;default&#8220; background_color_opacity=&#8220;1&#8243; background_hover_color_opacity=&#8220;1&#8243; column_shadow=&#8220;none&#8220; column_border_radius=&#8220;none&#8220; column_link_target=&#8220;_self&#8220; gradient_direction=&#8220;left_to_right&#8220; overlay_strength=&#8220;0.3&#8243; width=&#8220;1\/1&#8243; tablet_width_inherit=&#8220;default&#8220;...","og_url":"https:\/\/maxcampbox.com\/de\/cookies\/","og_site_name":"maxcampbox","article_modified_time":"2024-12-06T18:22:30+00:00","twitter_card":"summary_large_image","twitter_misc":{"Gesch\u00e4tzte Lesezeit":"2\u00a0Minuten"},"schema":{"@context":"https:\/\/schema.org","@graph":[{"@type":"WebPage","@id":"https:\/\/maxcampbox.com\/de\/cookies\/","url":"https:\/\/maxcampbox.com\/de\/cookies\/","name":"Cookies - maxcampbox","isPartOf":{"@id":"https:\/\/maxcampbox.com\/de\/#website"},"datePublished":"2022-03-16T15:14:19+00:00","dateModified":"2024-12-06T18:22:30+00:00","breadcrumb":{"@id":"https:\/\/maxcampbox.com\/de\/cookies\/#breadcrumb"},"inLanguage":"de","potentialAction":[{"@type":"ReadAction","target":["https:\/\/maxcampbox.com\/de\/cookies\/"]}]},{"@type":"BreadcrumbList","@id":"https:\/\/maxcampbox.com\/de\/cookies\/#breadcrumb","itemListElement":[{"@type":"ListItem","position":1,"name":"Accueil","item":"https:\/\/maxcampbox.com\/de\/"},{"@type":"ListItem","position":2,"name":"Cookies"}]},{"@type":"WebSite","@id":"https:\/\/maxcampbox.com\/de\/#website","url":"https:\/\/maxcampbox.com\/de\/","name":"maxcampbox","description":"Camping Box pour vans am\u00e9nag\u00e9s","potentialAction":[{"@type":"SearchAction","target":{"@type":"EntryPoint","urlTemplate":"https:\/\/maxcampbox.com\/de\/?s={search_term_string}"},"query-input":{"@type":"PropertyValueSpecification","valueRequired":true,"valueName":"search_term_string"}}],"inLanguage":"de"}]}},"_links":{"self":[{"href":"https:\/\/maxcampbox.com\/de\/wp-json\/wp\/v2\/pages\/9900","targetHints":{"allow":["GET"]}}],"collection":[{"href":"https:\/\/maxcampbox.com\/de\/wp-json\/wp\/v2\/pages"}],"about":[{"href":"https:\/\/maxcampbox.com\/de\/wp-json\/wp\/v2\/types\/page"}],"author":[{"embeddable":true,"href":"https:\/\/maxcampbox.com\/de\/wp-json\/wp\/v2\/users\/1"}],"replies":[{"embeddable":true,"href":"https:\/\/maxcampbox.com\/de\/wp-json\/wp\/v2\/comments?post=9900"}],"version-history":[{"count":0,"href":"https:\/\/maxcampbox.com\/de\/wp-json\/wp\/v2\/pages\/9900\/revisions"}],"wp:attachment":[{"href":"https:\/\/maxcampbox.com\/de\/wp-json\/wp\/v2\/media?parent=9900"}],"curies":[{"name":"wp","href":"https:\/\/api.w.org\/{rel}","templated":true}]}}